{"id":218,"date":"2026-03-14T06:43:59","date_gmt":"2026-03-14T06:43:59","guid":{"rendered":"https:\/\/baebeauty.azdigi.shop\/?post_type=product&#038;p=218"},"modified":"2026-04-12T03:22:32","modified_gmt":"2026-04-12T03:22:32","slug":"son-ysl-the-slim-23-mau-cam-dat-chinh-hang-baebeauty","status":"publish","type":"product","link":"https:\/\/baebeauty.azdigi.shop\/index.php\/san-pham\/son-ysl-the-slim-23-mau-cam-dat-chinh-hang-baebeauty\/","title":{"rendered":"Son YSL The Slim Ch\u00ednh H\u00e3ng | BaeBeauty"},"content":{"rendered":"<p data-start=\"1269\" data-end=\"1434\"><strong data-start=\"1269\" data-end=\"1304\">Son YSL The Slim 23 m\u00e0u cam \u0111\u1ea5t<\/strong> l\u00e0 m\u1ed9t trong nh\u1eefng m\u00e0u son \u0111\u01b0\u1ee3c y\u00eau th\u00edch nh\u1ea5t c\u1ee7a d\u00f2ng <strong data-start=\"1361\" data-end=\"1377\">YSL The Slim<\/strong>, n\u1ed5i b\u1eadt v\u1edbi s\u1eafc cam \u0111\u1ea5t th\u1eddi th\u01b0\u1ee3ng, d\u1ec5 d\u00f9ng v\u00e0 t\u00f4n da, l\u00e0 m\u1ed9t trong nh\u1eefng gam m\u00e0u \u0111\u01b0\u1ee3c y\u00eau th\u00edch nh\u1ea5t c\u1ee7a YSL nh\u1edd v\u1ebb \u0111\u1eb9p hi\u1ec7n \u0111\u1ea1i, sang tr\u1ecdng v\u00e0 d\u1ec5 \u1ee9ng d\u1ee5ng trong nhi\u1ec1u phong c\u00e1ch trang \u0111i\u1ec3m.<\/p>\n<p><img loading=\"lazy\" decoding=\"async\" class=\"wp-image-221 size-medium aligncenter\" src=\"https:\/\/baebeauty.azdigi.shop\/wp-content\/uploads\/2026\/03\/ysl_the_slim_23_nude_blouse_-e1770803404136-225x300.jpg\" alt=\"son YSL The Slim 23 m\u00e0u cam \u0111\u1ea5t\" width=\"225\" height=\"300\" srcset=\"https:\/\/baebeauty.azdigi.shop\/wp-content\/uploads\/2026\/03\/ysl_the_slim_23_nude_blouse_-e1770803404136-225x300.jpg 225w, https:\/\/baebeauty.azdigi.shop\/wp-content\/uploads\/2026\/03\/ysl_the_slim_23_nude_blouse_-e1770803404136.jpg 600w\" sizes=\"auto, (max-width: 225px) 100vw, 225px\" \/><\/p>\n<h3 data-start=\"606\" data-end=\"648\">Thi\u1ebft k\u1ebf sang tr\u1ecdng c\u1ee7a YSL The Slim 23<\/h3>\n<p data-start=\"649\" data-end=\"989\">YSL The Slim n\u1ed5i b\u1eadt v\u1edbi thi\u1ebft k\u1ebf vu\u00f4ng v\u1eafn, thanh m\u1ea3nh, mang \u0111\u1eadm tinh th\u1ea7n th\u1eddi trang cao c\u1ea5p c\u1ee7a nh\u00e0 Yves Saint Laurent. V\u1ecf son \u0111en tuy\u1ec1n ph\u1ed1i logo YSL \u00e1nh v\u00e0ng sang tr\u1ecdng, c\u1ea7m ch\u1eafc tay v\u00e0 v\u00f4 c\u00f9ng tinh t\u1ebf. Phi\u00ean b\u1ea3n <strong data-start=\"867\" data-end=\"883\">m\u1eabu m\u1edbi 2025<\/strong>\u00a0\u0111\u01b0\u1ee3c ho\u00e0n thi\u1ec7n t\u1ec9 m\u1ec9 h\u01a1n, x\u1ee9ng \u0111\u00e1ng l\u00e0 m\u00f3n ph\u1ee5 ki\u1ec7n l\u00e0m \u0111\u1eb9p kh\u00f4ng th\u1ec3 thi\u1ebfu trong t\u00fai x\u00e1ch c\u1ee7a ph\u00e1i \u0111\u1eb9p.<\/p>\n<p data-start=\"649\" data-end=\"989\"><img loading=\"lazy\" decoding=\"async\" class=\"wp-image-222 size-medium aligncenter\" src=\"https:\/\/baebeauty.azdigi.shop\/wp-content\/uploads\/2026\/03\/son-yves-saint-laurent-ysl-the-slim-314-1-e1770735974378-300x300.jpg\" alt=\"thi\u1ebft k\u1ebf son YSL The Slim 23\" width=\"300\" height=\"300\" srcset=\"https:\/\/baebeauty.azdigi.shop\/wp-content\/uploads\/2026\/03\/son-yves-saint-laurent-ysl-the-slim-314-1-e1770735974378-300x300.jpg 300w, https:\/\/baebeauty.azdigi.shop\/wp-content\/uploads\/2026\/03\/son-yves-saint-laurent-ysl-the-slim-314-1-e1770735974378-150x150.jpg 150w, https:\/\/baebeauty.azdigi.shop\/wp-content\/uploads\/2026\/03\/son-yves-saint-laurent-ysl-the-slim-314-1-e1770735974378-100x100.jpg 100w, https:\/\/baebeauty.azdigi.shop\/wp-content\/uploads\/2026\/03\/son-yves-saint-laurent-ysl-the-slim-314-1-e1770735974378.jpg 600w\" sizes=\"auto, (max-width: 300px) 100vw, 300px\" \/><\/p>\n<h3 data-start=\"991\" data-end=\"1029\">Son YSL The Slim 23 m\u00e0u cam \u0111\u1ea5t \u2013 d\u1ec5 d\u00f9ng v\u00e0 t\u00f4n da<\/h3>\n<p data-start=\"1030\" data-end=\"1286\">M\u00e0u\u00a0<strong data-start=\"1034\" data-end=\"1048\">cam \u0111\u1ea5t 23<\/strong>\u00a0l\u00e0 s\u1ef1 k\u1ebft h\u1ee3p h\u00e0i h\u00f2a gi\u1eefa cam \u1ea5m v\u00e0 s\u1eafc n\u00e2u tr\u1ea7m nh\u1eb9, gi\u00fap t\u00f4n da, kh\u00f4ng k\u00e9n t\u00f4ng da v\u00e0 kh\u00f4ng l\u00e0m x\u1ec9n men r\u0103ng. D\u00f9 b\u1ea1n s\u1edf h\u1eefu l\u00e0n da tr\u1eafng, da trung b\u00ecnh hay da ng\u0103m, YSL The Slim 23 \u0111\u1ec1u mang l\u1ea1i v\u1ebb ngo\u00e0i h\u00e0i h\u00f2a, cu\u1ed1n h\u00fat v\u00e0 r\u1ea5t \u201ct\u00e2y\u201d.<\/p>\n<h3 data-start=\"1288\" data-end=\"1318\">Ch\u1ea5t son l\u00ec m\u1ecbn, nh\u1eb9 m\u00f4i<\/h3>\n<p data-start=\"1319\" data-end=\"1616\">YSL The Slim 23 c\u00f3 ch\u1ea5t son l\u00ec m\u1ecbn, l\u01b0\u1edbt nh\u1eb9 tr\u00ean m\u00f4i, \u0111\u1ed9 che ph\u1ee7 t\u1ed1t v\u00e0 kh\u00f4ng g\u00e2y c\u1ea3m gi\u00e1c kh\u00f4 hay n\u1eb7ng m\u00f4i. Son l\u00ean m\u00e0u chu\u1ea9n ngay t\u1eeb l\u1ea7n thoa \u0111\u1ea7u ti\u00ean, gi\u1eef m\u00e0u t\u1ed1t trong nhi\u1ec1u gi\u1edd. C\u00f4ng th\u1ee9c son \u0111\u01b0\u1ee3c c\u1ea3i ti\u1ebfn gi\u00fap m\u00f4i lu\u00f4n m\u1ec1m m\u1ea1i, tho\u1ea3i m\u00e1i su\u1ed1t ng\u00e0y d\u00e0i.<\/p>\n<p data-start=\"1319\" data-end=\"1616\"><img loading=\"lazy\" decoding=\"async\" class=\"wp-image-220 size-medium aligncenter\" src=\"https:\/\/baebeauty.azdigi.shop\/wp-content\/uploads\/2026\/03\/son_ysl_the_slim_23_nude_blou-2-768x764-1-300x298.jpg\" alt=\"swatch son YSL The Slim 23 cam \u0111\u1ea5t\" width=\"300\" height=\"298\" srcset=\"https:\/\/baebeauty.azdigi.shop\/wp-content\/uploads\/2026\/03\/son_ysl_the_slim_23_nude_blou-2-768x764-1-300x298.jpg 300w, https:\/\/baebeauty.azdigi.shop\/wp-content\/uploads\/2026\/03\/son_ysl_the_slim_23_nude_blou-2-768x764-1-150x150.jpg 150w, https:\/\/baebeauty.azdigi.shop\/wp-content\/uploads\/2026\/03\/son_ysl_the_slim_23_nude_blou-2-768x764-1-600x597.jpg 600w, https:\/\/baebeauty.azdigi.shop\/wp-content\/uploads\/2026\/03\/son_ysl_the_slim_23_nude_blou-2-768x764-1-100x100.jpg 100w, https:\/\/baebeauty.azdigi.shop\/wp-content\/uploads\/2026\/03\/son_ysl_the_slim_23_nude_blou-2-768x764-1.jpg 768w\" sizes=\"auto, (max-width: 300px) 100vw, 300px\" \/><\/p>\n<p data-start=\"1319\" data-end=\"1616\">Th\u01b0\u01a1ng hi\u1ec7u Yves Saint Laurent l\u00e0 th\u01b0\u01a1ng hi\u1ec7u m\u1ef9 ph\u1ea9m cao c\u1ea5p n\u1ed5i ti\u1ebfng th\u1ebf gi\u1edbi:\u00a0<a href=\"https:\/\/www.yslbeauty.com\/\">https:\/\/www.yslbeauty.com\/<\/a><\/p>\n","protected":false},"excerpt":{"rendered":"<p><strong>Son Yves Saint Laurent YSL The Slim 23 m\u00e0u cam \u0111\u1ea5t m\u1eabu m\u1edbi 2025<\/strong>\u00a0s\u1edf h\u1eefu s\u1eafc son th\u1eddi th\u01b0\u1ee3ng, d\u1ec5 d\u00f9ng, t\u00f4n da. Ch\u1ea5t son l\u00ec m\u1ecbn, nh\u1eb9 m\u00f4i, l\u00ean m\u00e0u chu\u1ea9n, gi\u1eef m\u00e0u t\u1ed1t. Thi\u1ebft k\u1ebf vu\u00f4ng thanh m\u1ea3nh sang tr\u1ecdng, ph\u00f9 h\u1ee3p s\u1eed d\u1ee5ng h\u1eb1ng ng\u00e0y ho\u1eb7c l\u00e0m qu\u00e0 t\u1eb7ng tinh t\u1ebf cho ph\u00e1i \u0111\u1eb9p.<\/p>\n","protected":false},"featured_media":219,"comment_status":"open","ping_status":"closed","template":"","meta":[],"product_brand":[29],"product_cat":[27],"product_tag":[31,32,18,26,198,30],"class_list":{"0":"post-218","1":"product","2":"type-product","3":"status-publish","4":"has-post-thumbnail","6":"product_brand-yves-saint-laurent","7":"product_cat-son-moi","8":"product_tag-son-cam-dat","9":"product_tag-son-li-cao-cap","10":"product_tag-son-ysl","11":"product_tag-son-ysl-chinh-hang","12":"product_tag-ysl-1977-hong-dao","13":"product_tag-ysl-the-slim","15":"first","16":"instock","17":"sale","18":"shipping-taxable","19":"purchasable","20":"product-type-variable"},"yoast_head":"<!-- This site is optimized with the Yoast SEO plugin v27.1.1 - https:\/\/yoast.com\/product\/yoast-seo-wordpress\/ -->\n<title>Son YSL The Slim Ch\u00ednh H\u00e3ng | BaeBeauty - baebeauty<\/title>\n<meta name=\"description\" content=\"Son YSL The Slim 23 m\u00e0u cam \u0111\u1ea5t l\u00e0 gam m\u00e0u th\u1eddi th\u01b0\u1ee3ng, t\u00f4n da, ch\u1ea5t son l\u00ec m\u1ecbn v\u00e0 l\u00ean m\u00e0u chu\u1ea9n. Mua son YSL ch\u00ednh h\u00e3ng t\u1ea1i BaeBeauty.\" \/>\n<meta name=\"robots\" content=\"index, follow, max-snippet:-1, max-image-preview:large, max-video-preview:-1\" \/>\n<link rel=\"canonical\" href=\"https:\/\/baebeauty.azdigi.shop\/index.php\/san-pham\/son-ysl-the-slim-23-mau-cam-dat-chinh-hang-baebeauty\/\" \/>\n<meta property=\"og:locale\" content=\"vi_VN\" \/>\n<meta property=\"og:type\" content=\"article\" \/>\n<meta property=\"og:title\" content=\"Son YSL The Slim Ch\u00ednh H\u00e3ng | BaeBeauty - baebeauty\" \/>\n<meta property=\"og:description\" content=\"Son YSL The Slim 23 m\u00e0u cam \u0111\u1ea5t l\u00e0 gam m\u00e0u th\u1eddi th\u01b0\u1ee3ng, t\u00f4n da, ch\u1ea5t son l\u00ec m\u1ecbn v\u00e0 l\u00ean m\u00e0u chu\u1ea9n. Mua son YSL ch\u00ednh h\u00e3ng t\u1ea1i BaeBeauty.\" \/>\n<meta property=\"og:url\" content=\"https:\/\/baebeauty.azdigi.shop\/index.php\/san-pham\/son-ysl-the-slim-23-mau-cam-dat-chinh-hang-baebeauty\/\" \/>\n<meta property=\"og:site_name\" content=\"baebeauty\" \/>\n<meta property=\"article:modified_time\" content=\"2026-04-12T03:22:32+00:00\" \/>\n<meta property=\"og:image\" content=\"https:\/\/baebeauty.azdigi.shop\/wp-content\/uploads\/2026\/03\/son-yves-saint-laurent-ysl-the-slim-23.jpg\" \/>\n\t<meta property=\"og:image:width\" content=\"500\" \/>\n\t<meta property=\"og:image:height\" content=\"500\" \/>\n\t<meta property=\"og:image:type\" content=\"image\/jpeg\" \/>\n<meta name=\"twitter:card\" content=\"summary_large_image\" \/>\n<meta name=\"twitter:label1\" content=\"\u01af\u1edbc t\u00ednh th\u1eddi gian \u0111\u1ecdc\" \/>\n\t<meta name=\"twitter:data1\" content=\"3 ph\u00fat\" \/>\n<script type=\"application\/ld+json\" class=\"yoast-schema-graph\">{\"@context\":\"https:\/\/schema.org\",\"@graph\":[{\"@type\":\"WebPage\",\"@id\":\"https:\/\/baebeauty.azdigi.shop\/index.php\/san-pham\/son-ysl-the-slim-23-mau-cam-dat-chinh-hang-baebeauty\/\",\"url\":\"https:\/\/baebeauty.azdigi.shop\/index.php\/san-pham\/son-ysl-the-slim-23-mau-cam-dat-chinh-hang-baebeauty\/\",\"name\":\"Son YSL The Slim Ch\u00ednh H\u00e3ng | BaeBeauty - baebeauty\",\"isPartOf\":{\"@id\":\"https:\/\/baebeauty.azdigi.shop\/#website\"},\"primaryImageOfPage\":{\"@id\":\"https:\/\/baebeauty.azdigi.shop\/index.php\/san-pham\/son-ysl-the-slim-23-mau-cam-dat-chinh-hang-baebeauty\/#primaryimage\"},\"image\":{\"@id\":\"https:\/\/baebeauty.azdigi.shop\/index.php\/san-pham\/son-ysl-the-slim-23-mau-cam-dat-chinh-hang-baebeauty\/#primaryimage\"},\"thumbnailUrl\":\"https:\/\/baebeauty.azdigi.shop\/wp-content\/uploads\/2026\/03\/son-yves-saint-laurent-ysl-the-slim-23.jpg\",\"datePublished\":\"2026-03-14T06:43:59+00:00\",\"dateModified\":\"2026-04-12T03:22:32+00:00\",\"description\":\"Son YSL The Slim 23 m\u00e0u cam \u0111\u1ea5t l\u00e0 gam m\u00e0u th\u1eddi th\u01b0\u1ee3ng, t\u00f4n da, ch\u1ea5t son l\u00ec m\u1ecbn v\u00e0 l\u00ean m\u00e0u chu\u1ea9n. Mua son YSL ch\u00ednh h\u00e3ng t\u1ea1i BaeBeauty.\",\"breadcrumb\":{\"@id\":\"https:\/\/baebeauty.azdigi.shop\/index.php\/san-pham\/son-ysl-the-slim-23-mau-cam-dat-chinh-hang-baebeauty\/#breadcrumb\"},\"inLanguage\":\"vi\",\"potentialAction\":[{\"@type\":\"ReadAction\",\"target\":[\"https:\/\/baebeauty.azdigi.shop\/index.php\/san-pham\/son-ysl-the-slim-23-mau-cam-dat-chinh-hang-baebeauty\/\"]}]},{\"@type\":\"ImageObject\",\"inLanguage\":\"vi\",\"@id\":\"https:\/\/baebeauty.azdigi.shop\/index.php\/san-pham\/son-ysl-the-slim-23-mau-cam-dat-chinh-hang-baebeauty\/#primaryimage\",\"url\":\"https:\/\/baebeauty.azdigi.shop\/wp-content\/uploads\/2026\/03\/son-yves-saint-laurent-ysl-the-slim-23.jpg\",\"contentUrl\":\"https:\/\/baebeauty.azdigi.shop\/wp-content\/uploads\/2026\/03\/son-yves-saint-laurent-ysl-the-slim-23.jpg\",\"width\":500,\"height\":500},{\"@type\":\"BreadcrumbList\",\"@id\":\"https:\/\/baebeauty.azdigi.shop\/index.php\/san-pham\/son-ysl-the-slim-23-mau-cam-dat-chinh-hang-baebeauty\/#breadcrumb\",\"itemListElement\":[{\"@type\":\"ListItem\",\"position\":1,\"name\":\"Trang ch\u1ee7\",\"item\":\"https:\/\/baebeauty.azdigi.shop\/\"},{\"@type\":\"ListItem\",\"position\":2,\"name\":\"C\u1eeda h\u00e0ng\",\"item\":\"https:\/\/baebeauty.azdigi.shop\/index.php\/cua-hang\/\"},{\"@type\":\"ListItem\",\"position\":3,\"name\":\"Son YSL The Slim Ch\u00ednh H\u00e3ng | BaeBeauty\"}]},{\"@type\":\"WebSite\",\"@id\":\"https:\/\/baebeauty.azdigi.shop\/#website\",\"url\":\"https:\/\/baebeauty.azdigi.shop\/\",\"name\":\"baebeauty\",\"description\":\"\",\"potentialAction\":[{\"@type\":\"SearchAction\",\"target\":{\"@type\":\"EntryPoint\",\"urlTemplate\":\"https:\/\/baebeauty.azdigi.shop\/?s={search_term_string}\"},\"query-input\":{\"@type\":\"PropertyValueSpecification\",\"valueRequired\":true,\"valueName\":\"search_term_string\"}}],\"inLanguage\":\"vi\"}]}<\/script>\n<!-- \/ Yoast SEO plugin. -->","yoast_head_json":{"title":"Son YSL The Slim Ch\u00ednh H\u00e3ng | BaeBeauty - baebeauty","description":"Son YSL The Slim 23 m\u00e0u cam \u0111\u1ea5t l\u00e0 gam m\u00e0u th\u1eddi th\u01b0\u1ee3ng, t\u00f4n da, ch\u1ea5t son l\u00ec m\u1ecbn v\u00e0 l\u00ean m\u00e0u chu\u1ea9n. Mua son YSL ch\u00ednh h\u00e3ng t\u1ea1i BaeBeauty.","robots":{"index":"index","follow":"follow","max-snippet":"max-snippet:-1","max-image-preview":"max-image-preview:large","max-video-preview":"max-video-preview:-1"},"canonical":"https:\/\/baebeauty.azdigi.shop\/index.php\/san-pham\/son-ysl-the-slim-23-mau-cam-dat-chinh-hang-baebeauty\/","og_locale":"vi_VN","og_type":"article","og_title":"Son YSL The Slim Ch\u00ednh H\u00e3ng | BaeBeauty - baebeauty","og_description":"Son YSL The Slim 23 m\u00e0u cam \u0111\u1ea5t l\u00e0 gam m\u00e0u th\u1eddi th\u01b0\u1ee3ng, t\u00f4n da, ch\u1ea5t son l\u00ec m\u1ecbn v\u00e0 l\u00ean m\u00e0u chu\u1ea9n. Mua son YSL ch\u00ednh h\u00e3ng t\u1ea1i BaeBeauty.","og_url":"https:\/\/baebeauty.azdigi.shop\/index.php\/san-pham\/son-ysl-the-slim-23-mau-cam-dat-chinh-hang-baebeauty\/","og_site_name":"baebeauty","article_modified_time":"2026-04-12T03:22:32+00:00","og_image":[{"width":500,"height":500,"url":"https:\/\/baebeauty.azdigi.shop\/wp-content\/uploads\/2026\/03\/son-yves-saint-laurent-ysl-the-slim-23.jpg","type":"image\/jpeg"}],"twitter_card":"summary_large_image","twitter_misc":{"\u01af\u1edbc t\u00ednh th\u1eddi gian \u0111\u1ecdc":"3 ph\u00fat"},"schema":{"@context":"https:\/\/schema.org","@graph":[{"@type":"WebPage","@id":"https:\/\/baebeauty.azdigi.shop\/index.php\/san-pham\/son-ysl-the-slim-23-mau-cam-dat-chinh-hang-baebeauty\/","url":"https:\/\/baebeauty.azdigi.shop\/index.php\/san-pham\/son-ysl-the-slim-23-mau-cam-dat-chinh-hang-baebeauty\/","name":"Son YSL The Slim Ch\u00ednh H\u00e3ng | BaeBeauty - baebeauty","isPartOf":{"@id":"https:\/\/baebeauty.azdigi.shop\/#website"},"primaryImageOfPage":{"@id":"https:\/\/baebeauty.azdigi.shop\/index.php\/san-pham\/son-ysl-the-slim-23-mau-cam-dat-chinh-hang-baebeauty\/#primaryimage"},"image":{"@id":"https:\/\/baebeauty.azdigi.shop\/index.php\/san-pham\/son-ysl-the-slim-23-mau-cam-dat-chinh-hang-baebeauty\/#primaryimage"},"thumbnailUrl":"https:\/\/baebeauty.azdigi.shop\/wp-content\/uploads\/2026\/03\/son-yves-saint-laurent-ysl-the-slim-23.jpg","datePublished":"2026-03-14T06:43:59+00:00","dateModified":"2026-04-12T03:22:32+00:00","description":"Son YSL The Slim 23 m\u00e0u cam \u0111\u1ea5t l\u00e0 gam m\u00e0u th\u1eddi th\u01b0\u1ee3ng, t\u00f4n da, ch\u1ea5t son l\u00ec m\u1ecbn v\u00e0 l\u00ean m\u00e0u chu\u1ea9n. Mua son YSL ch\u00ednh h\u00e3ng t\u1ea1i BaeBeauty.","breadcrumb":{"@id":"https:\/\/baebeauty.azdigi.shop\/index.php\/san-pham\/son-ysl-the-slim-23-mau-cam-dat-chinh-hang-baebeauty\/#breadcrumb"},"inLanguage":"vi","potentialAction":[{"@type":"ReadAction","target":["https:\/\/baebeauty.azdigi.shop\/index.php\/san-pham\/son-ysl-the-slim-23-mau-cam-dat-chinh-hang-baebeauty\/"]}]},{"@type":"ImageObject","inLanguage":"vi","@id":"https:\/\/baebeauty.azdigi.shop\/index.php\/san-pham\/son-ysl-the-slim-23-mau-cam-dat-chinh-hang-baebeauty\/#primaryimage","url":"https:\/\/baebeauty.azdigi.shop\/wp-content\/uploads\/2026\/03\/son-yves-saint-laurent-ysl-the-slim-23.jpg","contentUrl":"https:\/\/baebeauty.azdigi.shop\/wp-content\/uploads\/2026\/03\/son-yves-saint-laurent-ysl-the-slim-23.jpg","width":500,"height":500},{"@type":"BreadcrumbList","@id":"https:\/\/baebeauty.azdigi.shop\/index.php\/san-pham\/son-ysl-the-slim-23-mau-cam-dat-chinh-hang-baebeauty\/#breadcrumb","itemListElement":[{"@type":"ListItem","position":1,"name":"Trang ch\u1ee7","item":"https:\/\/baebeauty.azdigi.shop\/"},{"@type":"ListItem","position":2,"name":"C\u1eeda h\u00e0ng","item":"https:\/\/baebeauty.azdigi.shop\/index.php\/cua-hang\/"},{"@type":"ListItem","position":3,"name":"Son YSL The Slim Ch\u00ednh H\u00e3ng | BaeBeauty"}]},{"@type":"WebSite","@id":"https:\/\/baebeauty.azdigi.shop\/#website","url":"https:\/\/baebeauty.azdigi.shop\/","name":"baebeauty","description":"","potentialAction":[{"@type":"SearchAction","target":{"@type":"EntryPoint","urlTemplate":"https:\/\/baebeauty.azdigi.shop\/?s={search_term_string}"},"query-input":{"@type":"PropertyValueSpecification","valueRequired":true,"valueName":"search_term_string"}}],"inLanguage":"vi"}]}},"_links":{"self":[{"href":"https:\/\/baebeauty.azdigi.shop\/index.php\/wp-json\/wp\/v2\/product\/218","targetHints":{"allow":["GET"]}}],"collection":[{"href":"https:\/\/baebeauty.azdigi.shop\/index.php\/wp-json\/wp\/v2\/product"}],"about":[{"href":"https:\/\/baebeauty.azdigi.shop\/index.php\/wp-json\/wp\/v2\/types\/product"}],"replies":[{"embeddable":true,"href":"https:\/\/baebeauty.azdigi.shop\/index.php\/wp-json\/wp\/v2\/comments?post=218"}],"wp:featuredmedia":[{"embeddable":true,"href":"https:\/\/baebeauty.azdigi.shop\/index.php\/wp-json\/wp\/v2\/media\/219"}],"wp:attachment":[{"href":"https:\/\/baebeauty.azdigi.shop\/index.php\/wp-json\/wp\/v2\/media?parent=218"}],"wp:term":[{"taxonomy":"product_brand","embeddable":true,"href":"https:\/\/baebeauty.azdigi.shop\/index.php\/wp-json\/wp\/v2\/product_brand?post=218"},{"taxonomy":"product_cat","embeddable":true,"href":"https:\/\/baebeauty.azdigi.shop\/index.php\/wp-json\/wp\/v2\/product_cat?post=218"},{"taxonomy":"product_tag","embeddable":true,"href":"https:\/\/baebeauty.azdigi.shop\/index.php\/wp-json\/wp\/v2\/product_tag?post=218"}],"curies":[{"name":"wp","href":"https:\/\/api.w.org\/{rel}","templated":true}]}}