{"id":232,"date":"2026-03-14T07:48:49","date_gmt":"2026-03-14T07:48:49","guid":{"rendered":"https:\/\/baebeauty.azdigi.shop\/?post_type=product&#038;p=232"},"modified":"2026-04-12T03:17:38","modified_gmt":"2026-04-12T03:17:38","slug":"dior-lip-glow-012-rosewood","status":"publish","type":"product","link":"https:\/\/baebeauty.azdigi.shop\/index.php\/san-pham\/dior-lip-glow-012-rosewood\/","title":{"rendered":"Dior Lip Glow 012 Rosewood \u2013 Son D\u01b0\u1ee1ng M\u00f4i Cam \u0110\u1ea5t"},"content":{"rendered":"<h2><strong>Son d\u01b0\u1ee1ng Dior Lip Glow 012 Rosewood c\u00f3 g\u00ec \u0111\u1eb7c bi\u1ec7t<\/strong><\/h2>\n<p>M\u1ed9t trong nh\u1eefng c\u00e2y son n\u1ed5i ti\u1ebfng trong d\u00f2ng\u00a0<strong>son d\u01b0\u1ee1ng<\/strong>\u00a0m\u00f4i ch\u1eafc ch\u1eafn kh\u00f4ng th\u1ec3 b\u1ecf qua\u00a0<strong>Son D\u01b0\u1ee1ng Dior Addict Lip Glow 012 Rosewood \u2013 M\u00e0u Cam \u0110\u1ea5t<\/strong>\u00a0v\u1edbi ch\u1ea5t son \u0111\u01b0\u1ee3c m\u1ec7nh danh l\u00e0\u00a0\u201cC\u00f4ng ch\u00faa\u201d c\u1ee7a\u00a0<strong>th\u1ebf gi\u1edbi son d\u01b0\u1ee1ng<\/strong>.<\/p>\n<p><img loading=\"lazy\" decoding=\"async\" class=\"wp-image-238 size-medium aligncenter\" src=\"https:\/\/baebeauty.azdigi.shop\/wp-content\/uploads\/2026\/03\/Dior-Addict-Lip-Glow-012-Rosewood-4-768x960-1-240x300.jpg\" alt=\"Dior Lip Glow 012 Rosewood\" width=\"240\" height=\"300\" srcset=\"https:\/\/baebeauty.azdigi.shop\/wp-content\/uploads\/2026\/03\/Dior-Addict-Lip-Glow-012-Rosewood-4-768x960-1-240x300.jpg 240w, https:\/\/baebeauty.azdigi.shop\/wp-content\/uploads\/2026\/03\/Dior-Addict-Lip-Glow-012-Rosewood-4-768x960-1-600x750.jpg 600w, https:\/\/baebeauty.azdigi.shop\/wp-content\/uploads\/2026\/03\/Dior-Addict-Lip-Glow-012-Rosewood-4-768x960-1.jpg 768w\" sizes=\"auto, (max-width: 240px) 100vw, 240px\" \/><\/p>\n<h2>M\u00e0u cam \u0111\u1ea5t c\u1ee7a Dior Lip Glow 012 Rosewood<\/h2>\n<p>Kh\u00f4ng ch\u1ec9 mang trong m\u00ecnh s\u1ee9 m\u1ec7nh ch\u0103m s\u00f3c v\u00e0 ph\u1ee5c h\u1ed3i cho \u0111\u00f4i m\u00f4i lu\u00f4n m\u1ec1m m\u1ea1i v\u00e0 c\u0103ng b\u00f3ng kh\u1ecfe m\u1ea1nh m\u00e0\u00a0<strong>Son D\u01b0\u1ee1ng Dior Addict Lip Glow 012 Rosewood\u00a0<\/strong>c\u00f2n tinh t\u1ebf khi bi\u1ebfn em n\u00f3 th\u00e0nh m\u1ed9t th\u1ecfi son trang \u0111i\u1ec3m nh\u1eb9 nh\u00e0ng v\u1edbi m\u00e0u\u00a0<strong>Cam \u0110\u1ea5t<\/strong>\u00a0si\u00eau xinh.<\/p>\n<p>Son d\u01b0\u1ee1ng m\u00e0u\u00a0<strong>012 Rosewood<\/strong>\u00a0l\u00e0\u00a0s\u1ef1 pha tr\u1ed9n ho\u00e0n h\u1ea3o gi\u1eefa 2 t\u00f4ng h\u1ed3ng \u1ea5m v\u00e0 cam t\u01b0\u01a1i s\u00e1ng t\u1ea1o ra s\u1eafc son m\u00e0u\u00a0<strong>Cam \u0110\u1ea5t<\/strong>. S\u1eafc son gi\u00fap \u0111\u00f4i m\u00f4i ph\u00e1i n\u1eef tr\u1edf n\u00ean ng\u1ecdt ng\u00e0o v\u00e0 cu\u1ed1n h\u00fat g\u1ea5p b\u1ed9i ph\u1ea7n.<\/p>\n<p><img loading=\"lazy\" decoding=\"async\" class=\"wp-image-239 size-medium aligncenter\" src=\"https:\/\/baebeauty.azdigi.shop\/wp-content\/uploads\/2026\/03\/Dior-Addict-Lip-Glow-012-Rosewood-7-768x768-1-300x300.png\" alt=\"Dior Lip Glow 012 Rosewood\" width=\"300\" height=\"300\" srcset=\"https:\/\/baebeauty.azdigi.shop\/wp-content\/uploads\/2026\/03\/Dior-Addict-Lip-Glow-012-Rosewood-7-768x768-1-300x300.png 300w, https:\/\/baebeauty.azdigi.shop\/wp-content\/uploads\/2026\/03\/Dior-Addict-Lip-Glow-012-Rosewood-7-768x768-1-150x150.png 150w, https:\/\/baebeauty.azdigi.shop\/wp-content\/uploads\/2026\/03\/Dior-Addict-Lip-Glow-012-Rosewood-7-768x768-1-600x600.png 600w, https:\/\/baebeauty.azdigi.shop\/wp-content\/uploads\/2026\/03\/Dior-Addict-Lip-Glow-012-Rosewood-7-768x768-1-100x100.png 100w, https:\/\/baebeauty.azdigi.shop\/wp-content\/uploads\/2026\/03\/Dior-Addict-Lip-Glow-012-Rosewood-7-768x768-1.png 768w\" sizes=\"auto, (max-width: 300px) 100vw, 300px\" \/><\/p>\n<p><strong>Son du\u031bo\u031b\u0303ng Dior Lip Glow 012<\/strong>\u00a0\u2013 phie\u0302n ba\u0309n bo\u0302\u0309 sung the\u0302m \u201cHyaluronic Acid\u201d thu\u031bo\u031b\u0300ng \u0111u\u031bo\u031b\u0323c du\u0300ng nhu\u031b mo\u0323\u0302t da\u0323ng filler cho mo\u0302i, \u0111e\u0302\u0309 bo\u031b\u0300 mo\u0302i the\u0302m ca\u0306ng mo\u0323ng, giu\u0301p du\u031bo\u031b\u0303ng a\u0302\u0309m cho mo\u0302i suo\u0302\u0301t ca\u0309 nga\u0300y va\u0300 cho\u0302\u0301ng la\u0303o ho\u0301a cho mo\u0302i.<\/p>\n<p><strong>Dior Lip Glow 012<\/strong>\u00a0s\u1edf hu\u031b\u0303u tha\u0300nh pha\u0302\u0300n collagen vo\u031b\u0301i kha\u0309 na\u0306ng du\u031bo\u031b\u0303ng a\u0302\u0309m, tri\u0323 tha\u0302m va\u0300 la\u0300m ho\u0302\u0300ng \u0111o\u0302i mo\u0302i cu\u031b\u0323c ky\u0300 a\u0302\u0301n tu\u031bo\u031b\u0323ng. Son tho\u031bm mu\u0300i ba\u0323c ha\u0300, the ma\u0301t ngay khi thoa.<\/p>\n<p>V\u1edbi m\u00e0u s\u1eafc t\u01b0\u01a1i t\u1eafn, m\u00f9i th\u01a1m k\u1eb9o ng\u1ecdt d\u1ec5 ch\u1ecbu c\u00f9ng thi\u1ebft k\u1ebf sang tr\u1ecdng v\u00e0 tr\u1ebb trung,\u00a0<strong>son d\u01b0\u1ee1ng m\u00f4i<\/strong>\u00a0c\u1ee7a\u00a0<strong>Dior<\/strong>\u00a0x\u1ee9ng \u0111\u00e1ng l\u00e0 c\u00f4ng ch\u00faa c\u1ee7a th\u1ebf gi\u1edbi d\u01b0\u1ee1ng m\u00f4i v\u1edbi h\u00e0ng ng\u00e0n s\u1ea3n ph\u1ea9m nh\u01b0 hi\u1ec7n nay.<\/p>\n<p><strong>Son D\u01b0\u1ee1ng Dior Addict Lip Glow 012 Rosewood \u2013 M\u00e0u Cam \u0110\u1ea5t<\/strong>\u00a0hi\u1ec7n \u0111\u00e3 m\u1eb7t t\u1ea1i k\u1ec7 h\u00e0ng c\u1ee7a<strong>\u00a0BaeBeauty<\/strong> r\u1ed3i nha. C\u00f2n ch\u1edd g\u00ec m\u00e0 kh\u00f4ng \u0111\u1eb7t ngay m\u1ed9t em cho m\u00ecnh. \u0110\u1eb7t h\u00e0ng ngay h\u00f4m nay \u0111\u1ec3 nh\u1eadn th\u00eam \u0111\u01b0\u1ee3c nh\u1eefng \u01b0u \u0111\u00e3i si\u00eau tuy\u1ec7t v\u1eddi nha!<\/p>\n<p>B\u1ea1n c\u00f3 th\u1ec3 xem th\u00eam th\u00f4ng tin s\u1ea3n ph\u1ea9m t\u1ea1i website ch\u00ednh h\u00e3ng c\u1ee7a Dior:\u00a0<a href=\"https:\/\/www.dior.com\">https:\/\/www.dior.com<\/a><\/p>\n","protected":false},"excerpt":{"rendered":"<div class=\"product-short-description\">\n<p>Kh\u00f4ng qu\u00e1 l\u1eddi khi n\u00f3i son d\u01b0\u1ee1ng m\u00f4i Dior Lip Glow l\u00e0 m\u1ed9t trong nh\u1eefng th\u1ecfi son d\u01b0\u1ee1ng \u0111\u00e1ng s\u1edf h\u1eefu nh\u1ea5t.\u00a0<strong>Son D\u01b0\u1ee1ng Dior Addict Lip Glow 012 Rosewood \u2013 M\u00e0u Cam \u0110\u1ea5t<\/strong>\u00a0chinh ph\u1ee5c ph\u00e1i \u0111\u1eb9p b\u1edfi thi\u1ebft k\u1ebf sang tr\u1ecdng \u0111\u1eb3ng c\u1ea5p, ch\u1ea5t l\u01b0\u1ee3ng kh\u00f4ng ch\u00ea v\u00e0o \u0111\u00e2u \u0111\u01b0\u1ee3c, th\u00e0nh ph\u1ea7n th\u00ec v\u00f4 c\u00f9ng \u0111\u1ed9c \u0111\u00e1o.<\/p>\n<\/div>\n","protected":false},"featured_media":233,"comment_status":"open","ping_status":"closed","template":"","meta":[],"product_brand":[33],"product_cat":[27],"product_tag":[193,194,41,31,43,42,40],"class_list":{"0":"post-232","1":"product","2":"type-product","3":"status-publish","4":"has-post-thumbnail","6":"product_brand-dior","7":"product_cat-son-moi","8":"product_tag-061-cam-hong-dao","9":"product_tag-062-cam-dong","10":"product_tag-dior-lip-glow-012","11":"product_tag-son-cam-dat","12":"product_tag-son-dior-chinh-hang","13":"product_tag-son-dior-rosewood-son-duong-moi","14":"product_tag-son-duong-dior-dior-lip-glow","16":"first","17":"instock","18":"sale","19":"shipping-taxable","20":"purchasable","21":"product-type-variable"},"yoast_head":"<!-- This site is optimized with the Yoast SEO plugin v27.1.1 - https:\/\/yoast.com\/product\/yoast-seo-wordpress\/ -->\n<title>Dior Lip Glow 012 Rosewood \u2013 Son D\u01b0\u1ee1ng M\u00f4i Cam \u0110\u1ea5t - baebeauty<\/title>\n<meta name=\"description\" content=\"Son d\u01b0\u1ee1ng Dior Lip Glow 012 Rosewood m\u00e0u cam \u0111\u1ea5t gi\u00fap m\u00f4i m\u1ec1m m\u1ecbn, c\u0103ng m\u1ecdng v\u00e0 d\u01b0\u1ee1ng \u1ea9m su\u1ed1t ng\u00e0y. Thi\u1ebft k\u1ebf sang tr\u1ecdng, ph\u00f9 h\u1ee3p nhi\u1ec1u phong c\u00e1ch.\" \/>\n<meta name=\"robots\" content=\"index, follow, max-snippet:-1, max-image-preview:large, max-video-preview:-1\" \/>\n<link rel=\"canonical\" href=\"https:\/\/baebeauty.azdigi.shop\/index.php\/san-pham\/dior-lip-glow-012-rosewood\/\" \/>\n<meta property=\"og:locale\" content=\"vi_VN\" \/>\n<meta property=\"og:type\" content=\"article\" \/>\n<meta property=\"og:title\" content=\"Dior Lip Glow 012 Rosewood \u2013 Son D\u01b0\u1ee1ng M\u00f4i Cam \u0110\u1ea5t - baebeauty\" \/>\n<meta property=\"og:description\" content=\"Son d\u01b0\u1ee1ng Dior Lip Glow 012 Rosewood m\u00e0u cam \u0111\u1ea5t gi\u00fap m\u00f4i m\u1ec1m m\u1ecbn, c\u0103ng m\u1ecdng v\u00e0 d\u01b0\u1ee1ng \u1ea9m su\u1ed1t ng\u00e0y. Thi\u1ebft k\u1ebf sang tr\u1ecdng, ph\u00f9 h\u1ee3p nhi\u1ec1u phong c\u00e1ch.\" \/>\n<meta property=\"og:url\" content=\"https:\/\/baebeauty.azdigi.shop\/index.php\/san-pham\/dior-lip-glow-012-rosewood\/\" \/>\n<meta property=\"og:site_name\" content=\"baebeauty\" \/>\n<meta property=\"article:modified_time\" content=\"2026-04-12T03:17:38+00:00\" \/>\n<meta property=\"og:image\" content=\"https:\/\/baebeauty.azdigi.shop\/wp-content\/uploads\/2026\/03\/Son-Duong-Dior-Addict-Lip-Glow-012-Rosewood-dd-768x768-1.jpg\" \/>\n\t<meta property=\"og:image:width\" content=\"768\" \/>\n\t<meta property=\"og:image:height\" content=\"768\" \/>\n\t<meta property=\"og:image:type\" content=\"image\/jpeg\" \/>\n<meta name=\"twitter:card\" content=\"summary_large_image\" \/>\n<meta name=\"twitter:label1\" content=\"\u01af\u1edbc t\u00ednh th\u1eddi gian \u0111\u1ecdc\" \/>\n\t<meta name=\"twitter:data1\" content=\"3 ph\u00fat\" \/>\n<script type=\"application\/ld+json\" class=\"yoast-schema-graph\">{\"@context\":\"https:\/\/schema.org\",\"@graph\":[{\"@type\":\"WebPage\",\"@id\":\"https:\/\/baebeauty.azdigi.shop\/index.php\/san-pham\/dior-lip-glow-012-rosewood\/\",\"url\":\"https:\/\/baebeauty.azdigi.shop\/index.php\/san-pham\/dior-lip-glow-012-rosewood\/\",\"name\":\"Dior Lip Glow 012 Rosewood \u2013 Son D\u01b0\u1ee1ng M\u00f4i Cam \u0110\u1ea5t - baebeauty\",\"isPartOf\":{\"@id\":\"https:\/\/baebeauty.azdigi.shop\/#website\"},\"primaryImageOfPage\":{\"@id\":\"https:\/\/baebeauty.azdigi.shop\/index.php\/san-pham\/dior-lip-glow-012-rosewood\/#primaryimage\"},\"image\":{\"@id\":\"https:\/\/baebeauty.azdigi.shop\/index.php\/san-pham\/dior-lip-glow-012-rosewood\/#primaryimage\"},\"thumbnailUrl\":\"https:\/\/baebeauty.azdigi.shop\/wp-content\/uploads\/2026\/03\/Son-Duong-Dior-Addict-Lip-Glow-012-Rosewood-dd-768x768-1.jpg\",\"datePublished\":\"2026-03-14T07:48:49+00:00\",\"dateModified\":\"2026-04-12T03:17:38+00:00\",\"description\":\"Son d\u01b0\u1ee1ng Dior Lip Glow 012 Rosewood m\u00e0u cam \u0111\u1ea5t gi\u00fap m\u00f4i m\u1ec1m m\u1ecbn, c\u0103ng m\u1ecdng v\u00e0 d\u01b0\u1ee1ng \u1ea9m su\u1ed1t ng\u00e0y. Thi\u1ebft k\u1ebf sang tr\u1ecdng, ph\u00f9 h\u1ee3p nhi\u1ec1u phong c\u00e1ch.\",\"breadcrumb\":{\"@id\":\"https:\/\/baebeauty.azdigi.shop\/index.php\/san-pham\/dior-lip-glow-012-rosewood\/#breadcrumb\"},\"inLanguage\":\"vi\",\"potentialAction\":[{\"@type\":\"ReadAction\",\"target\":[\"https:\/\/baebeauty.azdigi.shop\/index.php\/san-pham\/dior-lip-glow-012-rosewood\/\"]}]},{\"@type\":\"ImageObject\",\"inLanguage\":\"vi\",\"@id\":\"https:\/\/baebeauty.azdigi.shop\/index.php\/san-pham\/dior-lip-glow-012-rosewood\/#primaryimage\",\"url\":\"https:\/\/baebeauty.azdigi.shop\/wp-content\/uploads\/2026\/03\/Son-Duong-Dior-Addict-Lip-Glow-012-Rosewood-dd-768x768-1.jpg\",\"contentUrl\":\"https:\/\/baebeauty.azdigi.shop\/wp-content\/uploads\/2026\/03\/Son-Duong-Dior-Addict-Lip-Glow-012-Rosewood-dd-768x768-1.jpg\",\"width\":768,\"height\":768},{\"@type\":\"BreadcrumbList\",\"@id\":\"https:\/\/baebeauty.azdigi.shop\/index.php\/san-pham\/dior-lip-glow-012-rosewood\/#breadcrumb\",\"itemListElement\":[{\"@type\":\"ListItem\",\"position\":1,\"name\":\"Trang ch\u1ee7\",\"item\":\"https:\/\/baebeauty.azdigi.shop\/\"},{\"@type\":\"ListItem\",\"position\":2,\"name\":\"C\u1eeda h\u00e0ng\",\"item\":\"https:\/\/baebeauty.azdigi.shop\/index.php\/cua-hang\/\"},{\"@type\":\"ListItem\",\"position\":3,\"name\":\"Dior Lip Glow 012 Rosewood \u2013 Son D\u01b0\u1ee1ng M\u00f4i Cam \u0110\u1ea5t\"}]},{\"@type\":\"WebSite\",\"@id\":\"https:\/\/baebeauty.azdigi.shop\/#website\",\"url\":\"https:\/\/baebeauty.azdigi.shop\/\",\"name\":\"baebeauty\",\"description\":\"\",\"potentialAction\":[{\"@type\":\"SearchAction\",\"target\":{\"@type\":\"EntryPoint\",\"urlTemplate\":\"https:\/\/baebeauty.azdigi.shop\/?s={search_term_string}\"},\"query-input\":{\"@type\":\"PropertyValueSpecification\",\"valueRequired\":true,\"valueName\":\"search_term_string\"}}],\"inLanguage\":\"vi\"}]}<\/script>\n<!-- \/ Yoast SEO plugin. -->","yoast_head_json":{"title":"Dior Lip Glow 012 Rosewood \u2013 Son D\u01b0\u1ee1ng M\u00f4i Cam \u0110\u1ea5t - baebeauty","description":"Son d\u01b0\u1ee1ng Dior Lip Glow 012 Rosewood m\u00e0u cam \u0111\u1ea5t gi\u00fap m\u00f4i m\u1ec1m m\u1ecbn, c\u0103ng m\u1ecdng v\u00e0 d\u01b0\u1ee1ng \u1ea9m su\u1ed1t ng\u00e0y. Thi\u1ebft k\u1ebf sang tr\u1ecdng, ph\u00f9 h\u1ee3p nhi\u1ec1u phong c\u00e1ch.","robots":{"index":"index","follow":"follow","max-snippet":"max-snippet:-1","max-image-preview":"max-image-preview:large","max-video-preview":"max-video-preview:-1"},"canonical":"https:\/\/baebeauty.azdigi.shop\/index.php\/san-pham\/dior-lip-glow-012-rosewood\/","og_locale":"vi_VN","og_type":"article","og_title":"Dior Lip Glow 012 Rosewood \u2013 Son D\u01b0\u1ee1ng M\u00f4i Cam \u0110\u1ea5t - baebeauty","og_description":"Son d\u01b0\u1ee1ng Dior Lip Glow 012 Rosewood m\u00e0u cam \u0111\u1ea5t gi\u00fap m\u00f4i m\u1ec1m m\u1ecbn, c\u0103ng m\u1ecdng v\u00e0 d\u01b0\u1ee1ng \u1ea9m su\u1ed1t ng\u00e0y. Thi\u1ebft k\u1ebf sang tr\u1ecdng, ph\u00f9 h\u1ee3p nhi\u1ec1u phong c\u00e1ch.","og_url":"https:\/\/baebeauty.azdigi.shop\/index.php\/san-pham\/dior-lip-glow-012-rosewood\/","og_site_name":"baebeauty","article_modified_time":"2026-04-12T03:17:38+00:00","og_image":[{"width":768,"height":768,"url":"https:\/\/baebeauty.azdigi.shop\/wp-content\/uploads\/2026\/03\/Son-Duong-Dior-Addict-Lip-Glow-012-Rosewood-dd-768x768-1.jpg","type":"image\/jpeg"}],"twitter_card":"summary_large_image","twitter_misc":{"\u01af\u1edbc t\u00ednh th\u1eddi gian \u0111\u1ecdc":"3 ph\u00fat"},"schema":{"@context":"https:\/\/schema.org","@graph":[{"@type":"WebPage","@id":"https:\/\/baebeauty.azdigi.shop\/index.php\/san-pham\/dior-lip-glow-012-rosewood\/","url":"https:\/\/baebeauty.azdigi.shop\/index.php\/san-pham\/dior-lip-glow-012-rosewood\/","name":"Dior Lip Glow 012 Rosewood \u2013 Son D\u01b0\u1ee1ng M\u00f4i Cam \u0110\u1ea5t - baebeauty","isPartOf":{"@id":"https:\/\/baebeauty.azdigi.shop\/#website"},"primaryImageOfPage":{"@id":"https:\/\/baebeauty.azdigi.shop\/index.php\/san-pham\/dior-lip-glow-012-rosewood\/#primaryimage"},"image":{"@id":"https:\/\/baebeauty.azdigi.shop\/index.php\/san-pham\/dior-lip-glow-012-rosewood\/#primaryimage"},"thumbnailUrl":"https:\/\/baebeauty.azdigi.shop\/wp-content\/uploads\/2026\/03\/Son-Duong-Dior-Addict-Lip-Glow-012-Rosewood-dd-768x768-1.jpg","datePublished":"2026-03-14T07:48:49+00:00","dateModified":"2026-04-12T03:17:38+00:00","description":"Son d\u01b0\u1ee1ng Dior Lip Glow 012 Rosewood m\u00e0u cam \u0111\u1ea5t gi\u00fap m\u00f4i m\u1ec1m m\u1ecbn, c\u0103ng m\u1ecdng v\u00e0 d\u01b0\u1ee1ng \u1ea9m su\u1ed1t ng\u00e0y. Thi\u1ebft k\u1ebf sang tr\u1ecdng, ph\u00f9 h\u1ee3p nhi\u1ec1u phong c\u00e1ch.","breadcrumb":{"@id":"https:\/\/baebeauty.azdigi.shop\/index.php\/san-pham\/dior-lip-glow-012-rosewood\/#breadcrumb"},"inLanguage":"vi","potentialAction":[{"@type":"ReadAction","target":["https:\/\/baebeauty.azdigi.shop\/index.php\/san-pham\/dior-lip-glow-012-rosewood\/"]}]},{"@type":"ImageObject","inLanguage":"vi","@id":"https:\/\/baebeauty.azdigi.shop\/index.php\/san-pham\/dior-lip-glow-012-rosewood\/#primaryimage","url":"https:\/\/baebeauty.azdigi.shop\/wp-content\/uploads\/2026\/03\/Son-Duong-Dior-Addict-Lip-Glow-012-Rosewood-dd-768x768-1.jpg","contentUrl":"https:\/\/baebeauty.azdigi.shop\/wp-content\/uploads\/2026\/03\/Son-Duong-Dior-Addict-Lip-Glow-012-Rosewood-dd-768x768-1.jpg","width":768,"height":768},{"@type":"BreadcrumbList","@id":"https:\/\/baebeauty.azdigi.shop\/index.php\/san-pham\/dior-lip-glow-012-rosewood\/#breadcrumb","itemListElement":[{"@type":"ListItem","position":1,"name":"Trang ch\u1ee7","item":"https:\/\/baebeauty.azdigi.shop\/"},{"@type":"ListItem","position":2,"name":"C\u1eeda h\u00e0ng","item":"https:\/\/baebeauty.azdigi.shop\/index.php\/cua-hang\/"},{"@type":"ListItem","position":3,"name":"Dior Lip Glow 012 Rosewood \u2013 Son D\u01b0\u1ee1ng M\u00f4i Cam \u0110\u1ea5t"}]},{"@type":"WebSite","@id":"https:\/\/baebeauty.azdigi.shop\/#website","url":"https:\/\/baebeauty.azdigi.shop\/","name":"baebeauty","description":"","potentialAction":[{"@type":"SearchAction","target":{"@type":"EntryPoint","urlTemplate":"https:\/\/baebeauty.azdigi.shop\/?s={search_term_string}"},"query-input":{"@type":"PropertyValueSpecification","valueRequired":true,"valueName":"search_term_string"}}],"inLanguage":"vi"}]}},"_links":{"self":[{"href":"https:\/\/baebeauty.azdigi.shop\/index.php\/wp-json\/wp\/v2\/product\/232","targetHints":{"allow":["GET"]}}],"collection":[{"href":"https:\/\/baebeauty.azdigi.shop\/index.php\/wp-json\/wp\/v2\/product"}],"about":[{"href":"https:\/\/baebeauty.azdigi.shop\/index.php\/wp-json\/wp\/v2\/types\/product"}],"replies":[{"embeddable":true,"href":"https:\/\/baebeauty.azdigi.shop\/index.php\/wp-json\/wp\/v2\/comments?post=232"}],"wp:featuredmedia":[{"embeddable":true,"href":"https:\/\/baebeauty.azdigi.shop\/index.php\/wp-json\/wp\/v2\/media\/233"}],"wp:attachment":[{"href":"https:\/\/baebeauty.azdigi.shop\/index.php\/wp-json\/wp\/v2\/media?parent=232"}],"wp:term":[{"taxonomy":"product_brand","embeddable":true,"href":"https:\/\/baebeauty.azdigi.shop\/index.php\/wp-json\/wp\/v2\/product_brand?post=232"},{"taxonomy":"product_cat","embeddable":true,"href":"https:\/\/baebeauty.azdigi.shop\/index.php\/wp-json\/wp\/v2\/product_cat?post=232"},{"taxonomy":"product_tag","embeddable":true,"href":"https:\/\/baebeauty.azdigi.shop\/index.php\/wp-json\/wp\/v2\/product_tag?post=232"}],"curies":[{"name":"wp","href":"https:\/\/api.w.org\/{rel}","templated":true}]}}