{"id":280,"date":"2026-03-15T14:14:34","date_gmt":"2026-03-15T14:14:34","guid":{"rendered":"https:\/\/baebeauty.azdigi.shop\/?post_type=product&#038;p=280"},"modified":"2026-04-09T12:21:57","modified_gmt":"2026-04-09T12:21:57","slug":"son-charlotte-tilbury-in-love-with-olivia","status":"publish","type":"product","link":"https:\/\/baebeauty.azdigi.shop\/index.php\/san-pham\/son-charlotte-tilbury-in-love-with-olivia\/","title":{"rendered":"Son Charlotte Tilbury In Love With Olivia"},"content":{"rendered":"<h1 class=\"product-title product_title entry-title\"><strong>Son Charlotte Tilbury In Love With Olivia<\/strong><\/h1>\n<p data-start=\"227\" data-end=\"600\"><strong data-start=\"227\" data-end=\"284\">Son <span class=\"hover:entity-accent entity-underline inline cursor-pointer align-baseline\"><span class=\"whitespace-normal\">Charlotte Tilbury<\/span><\/span> <\/strong>l\u00e0 m\u1ed9t trong nh\u1eefng th\u1ecfi son n\u1ed5i ti\u1ebfng v\u00e0 b\u00e1n ch\u1ea1y nh\u1ea5t c\u1ee7a th\u01b0\u01a1ng hi\u1ec7u. V\u1edbi gam m\u00e0u h\u1ed3ng nude nh\u1eb9 nh\u00e0ng, t\u1ef1 nhi\u00ean nh\u01b0ng v\u1eabn \u0111\u1ea7y quy\u1ebfn r\u0169, th\u1ecfi son n\u00e0y gi\u00fap \u0111\u00f4i m\u00f4i tr\u1edf n\u00ean m\u1ec1m m\u1ea1i, ng\u1ecdt ng\u00e0o v\u00e0 c\u1ef1c k\u1ef3 cu\u1ed1n h\u00fat. \u0110\u00e2y l\u00e0 m\u00e0u son ph\u00f9 h\u1ee3p v\u1edbi nhi\u1ec1u phong c\u00e1ch trang \u0111i\u1ec3m, t\u1eeb t\u1ef1 nhi\u00ean h\u00e0ng ng\u00e0y \u0111\u1ebfn sang tr\u1ecdng khi \u0111i ti\u1ec7c.<\/p>\n<p data-start=\"227\" data-end=\"600\"><img loading=\"lazy\" decoding=\"async\" class=\"size-medium wp-image-291 aligncenter\" src=\"https:\/\/baebeauty.azdigi.shop\/wp-content\/uploads\/2026\/03\/Son-Charlotte-Tilbury-In-Love-With-Olivia-11-768x768-1-300x300.jpg\" alt=\"\" width=\"300\" height=\"300\" srcset=\"https:\/\/baebeauty.azdigi.shop\/wp-content\/uploads\/2026\/03\/Son-Charlotte-Tilbury-In-Love-With-Olivia-11-768x768-1-300x300.jpg 300w, https:\/\/baebeauty.azdigi.shop\/wp-content\/uploads\/2026\/03\/Son-Charlotte-Tilbury-In-Love-With-Olivia-11-768x768-1-150x150.jpg 150w, https:\/\/baebeauty.azdigi.shop\/wp-content\/uploads\/2026\/03\/Son-Charlotte-Tilbury-In-Love-With-Olivia-11-768x768-1-600x600.jpg 600w, https:\/\/baebeauty.azdigi.shop\/wp-content\/uploads\/2026\/03\/Son-Charlotte-Tilbury-In-Love-With-Olivia-11-768x768-1-100x100.jpg 100w, https:\/\/baebeauty.azdigi.shop\/wp-content\/uploads\/2026\/03\/Son-Charlotte-Tilbury-In-Love-With-Olivia-11-768x768-1.jpg 768w\" sizes=\"auto, (max-width: 300px) 100vw, 300px\" \/><\/p>\n<h2 data-section-id=\"9n8byc\" data-start=\"607\" data-end=\"663\"><strong>Thi\u1ebft k\u1ebf Son Charlotte Tilbury sang tr\u1ecdng<\/strong><\/h2>\n<p data-start=\"665\" data-end=\"951\">Th\u1ecfi son cao c\u1ea5p\u00a0<strong data-start=\"669\" data-end=\"702\">Charlotte <\/strong>s\u1edf h\u1eefu thi\u1ebft k\u1ebf \u0111\u1eb7c tr\u01b0ng v\u1edbi l\u1edbp v\u1ecf kim lo\u1ea1i m\u00e0u v\u00e0ng h\u1ed3ng sang tr\u1ecdng. Th\u00e2n son \u0111\u01b0\u1ee3c ch\u1ea1m kh\u1eafc tinh t\u1ebf t\u1ea1o c\u1ea3m gi\u00e1c cao c\u1ea5p ngay t\u1eeb c\u00e1i nh\u00ecn \u0111\u1ea7u ti\u00ean. N\u1eafp son ch\u1eafc ch\u1eafn, nh\u1ecf g\u1ecdn gi\u00fap b\u1ea1n d\u1ec5 d\u00e0ng mang theo trong t\u00fai x\u00e1ch \u0111\u1ec3 s\u1eed d\u1ee5ng m\u1ecdi l\u00fac m\u1ecdi n\u01a1i.<\/p>\n<p data-start=\"953\" data-end=\"1063\">Thi\u1ebft k\u1ebf \u0111\u1ea7u son v\u00e1t nh\u1eb9 gi\u00fap vi\u1ec7c thoa son tr\u1edf n\u00ean d\u1ec5 d\u00e0ng v\u00e0 ch\u00ednh x\u00e1c h\u01a1n, gi\u00fap \u0111\u00f4i m\u00f4i l\u00ean m\u00e0u \u0111\u1ec1u v\u00e0 \u0111\u1eb9p.<\/p>\n<p data-start=\"953\" data-end=\"1063\"><img loading=\"lazy\" decoding=\"async\" class=\"wp-image-289 size-medium aligncenter\" src=\"https:\/\/baebeauty.azdigi.shop\/wp-content\/uploads\/2026\/03\/Son-Charlotte-Tilbury-In-Love-With-Olivia-300x300.png\" alt=\"son Charlotte Tilbury Pillow Talk m\u00e0u h\u1ed3ng \u0111\u1ea5t\" width=\"300\" height=\"300\" srcset=\"https:\/\/baebeauty.azdigi.shop\/wp-content\/uploads\/2026\/03\/Son-Charlotte-Tilbury-In-Love-With-Olivia-300x300.png 300w, https:\/\/baebeauty.azdigi.shop\/wp-content\/uploads\/2026\/03\/Son-Charlotte-Tilbury-In-Love-With-Olivia-150x150.png 150w, https:\/\/baebeauty.azdigi.shop\/wp-content\/uploads\/2026\/03\/Son-Charlotte-Tilbury-In-Love-With-Olivia-100x100.png 100w, https:\/\/baebeauty.azdigi.shop\/wp-content\/uploads\/2026\/03\/Son-Charlotte-Tilbury-In-Love-With-Olivia.png 600w\" sizes=\"auto, (max-width: 300px) 100vw, 300px\" \/><\/p>\n<h2 data-section-id=\"hggznf\" data-start=\"1070\" data-end=\"1130\"><strong>M\u00e0u son Charlotte Tilbury Pillow Talk ng\u1ecdt ng\u00e0o, t\u1ef1 nhi\u00ean<\/strong><\/h2>\n<p data-start=\"1132\" data-end=\"1347\"><strong data-start=\"1132\" data-end=\"1165\">Charlotte Tilbury In Love With Olivia <\/strong>n\u1ed5i b\u1eadt v\u1edbi gam m\u00e0u h\u1ed3ng nude nh\u1eb9 nh\u00e0ng \u2013 m\u1ed9t m\u00e0u son \u0111\u01b0\u1ee3c r\u1ea5t nhi\u1ec1u t\u00edn \u0111\u1ed3 l\u00e0m \u0111\u1eb9p y\u00eau th\u00edch. M\u00e0u son n\u00e0y mang \u0111\u1ebfn v\u1ebb \u0111\u1eb9p n\u1eef t\u00ednh, thanh l\u1ecbch v\u00e0 ph\u00f9 h\u1ee3p v\u1edbi nhi\u1ec1u tone da kh\u00e1c nhau.<\/p>\n<p data-start=\"1349\" data-end=\"1591\">Khi l\u00ean m\u00f4i, m\u00e0u son t\u1ea1o hi\u1ec7u \u1ee9ng t\u1ef1 nhi\u00ean nh\u01b0ng v\u1eabn \u0111\u1ee7 n\u1ed5i b\u1eadt \u0111\u1ec3 g\u01b0\u01a1ng m\u1eb7t tr\u1edf n\u00ean t\u01b0\u01a1i t\u1eafn v\u00e0 r\u1ea1ng r\u1ee1 h\u01a1n. \u0110\u00e2y c\u0169ng l\u00e0 m\u00e0u son l\u00fd t\u01b0\u1edfng cho phong c\u00e1ch trang \u0111i\u1ec3m <strong data-start=\"1514\" data-end=\"1543\">MLBB (My Lips But Better)<\/strong> \u2013 gi\u00fap m\u00f4i tr\u00f4ng \u0111\u1eb9p t\u1ef1 nhi\u00ean nh\u01b0 m\u00e0u m\u00f4i th\u1eadt.<\/p>\n<h2 data-section-id=\"1wb5lwk\" data-start=\"1598\" data-end=\"1647\"><strong>Ch\u1ea5t son Charlotte Tilbury m\u1ec1m m\u1ecbn<\/strong><\/h2>\n<p data-start=\"1794\" data-end=\"1962\">C\u00f4ng th\u1ee9c son \u0111\u01b0\u1ee3c b\u1ed5 sung nhi\u1ec1u d\u01b0\u1ee1ng ch\u1ea5t gi\u00fap m\u00f4i kh\u00f4ng b\u1ecb kh\u00f4 hay l\u1ed9 v\u00e2n m\u00f4i. Khi thoa l\u00ean m\u00f4i, son t\u1ea1o l\u1edbp m\u00e0u m\u1ecbn m\u00e0ng, \u0111\u1ec1u m\u00e0u v\u00e0 gi\u1eef \u0111\u01b0\u1ee3c v\u1ebb c\u0103ng m\u1ecdng t\u1ef1 nhi\u00ean.<\/p>\n<h2 data-section-id=\"17ywldj\" data-start=\"2073\" data-end=\"2129\"><strong>\u01afu \u0111i\u1ec3m n\u1ed5i b\u1eadt c\u1ee7a son Charlotte Tilbury<\/strong><\/h2>\n<ul data-start=\"2131\" data-end=\"2311\">\n<li data-section-id=\"12o2xl1\" data-start=\"2131\" data-end=\"2175\">\n<p data-start=\"2133\" data-end=\"2175\">M\u00e0u son h\u1ed3ng \u0111\u1ea5t th\u1eddi th\u01b0\u1ee3ng, d\u1ec5 s\u1eed d\u1ee5ng<\/p>\n<\/li>\n<li data-section-id=\"155a2e8\" data-start=\"2176\" data-end=\"2215\">\n<p data-start=\"2178\" data-end=\"2215\">Ch\u1ea5t son m\u1ec1m m\u1ecbn, kh\u00f4ng g\u00e2y kh\u00f4 m\u00f4i<\/p>\n<\/li>\n<li data-section-id=\"fibak\" data-start=\"2216\" data-end=\"2248\">\n<p data-start=\"2218\" data-end=\"2248\">Thi\u1ebft k\u1ebf sang tr\u1ecdng, cao c\u1ea5p<\/p>\n<\/li>\n<li data-section-id=\"1f578rc\" data-start=\"2249\" data-end=\"2278\">\n<p data-start=\"2251\" data-end=\"2278\">Ph\u00f9 h\u1ee3p v\u1edbi nhi\u1ec1u tone da<\/p>\n<\/li>\n<li data-section-id=\"4tcm8v\" data-start=\"2279\" data-end=\"2311\">\n<p data-start=\"2281\" data-end=\"2311\">Gi\u1eef m\u00e0u t\u1ed1t v\u00e0 l\u00ean m\u00e0u chu\u1ea9n<\/p>\n<\/li>\n<\/ul>\n<h2 data-section-id=\"69br7c\" data-start=\"2318\" data-end=\"2338\"><strong>H\u01b0\u1edbng d\u1eabn s\u1eed d\u1ee5ng<\/strong><\/h2>\n<ul data-start=\"2340\" data-end=\"2520\">\n<li data-section-id=\"4oyjdo\" data-start=\"2340\" data-end=\"2392\">\n<p data-start=\"2342\" data-end=\"2392\">Thoa tr\u1ef1c ti\u1ebfp son l\u00ean m\u00f4i t\u1eeb l\u00f2ng m\u00f4i ra ngo\u00e0i.<\/p>\n<\/li>\n<li data-section-id=\"19kmznd\" data-start=\"2393\" data-end=\"2456\">\n<p data-start=\"2395\" data-end=\"2456\">C\u00f3 th\u1ec3 k\u1ebft h\u1ee3p c\u00f9ng ch\u00ec k\u1ebb m\u00f4i \u0111\u1ec3 t\u1ea1o d\u00e1ng m\u00f4i s\u1eafc n\u00e9t h\u01a1n.<\/p>\n<\/li>\n<li data-section-id=\"z83tf8\" data-start=\"2457\" data-end=\"2520\">\n<p data-start=\"2459\" data-end=\"2520\">Thoa th\u00eam m\u1ed9t l\u1edbp son m\u1ecfng \u0111\u1ec3 m\u00e0u son l\u00ean \u0111\u1eadm v\u00e0 b\u1ec1n m\u00e0u h\u01a1n.<\/p>\n<\/li>\n<\/ul>\n<p>Tham kh\u1ea3o th\u00eam th\u00f4ng tin v\u1ec1 th\u01b0\u01a1ng hi\u1ec7u t\u1ea1i: <a href=\"https:\/\/www.charlottetilbury.com\">https:\/\/www.charlottetilbury.com<\/a>website ch\u00ednh th\u1ee9c c\u1ee7a Charlotte Tilbury.<\/p>\n","protected":false},"excerpt":{"rendered":"<div class=\"flex flex-col text-sm pb-25\">\n<article class=\"text-token-text-primary w-full focus:outline-none [--shadow-height:45px] has-data-writing-block:pointer-events-none has-data-writing-block:-mt-(--shadow-height) has-data-writing-block:pt-(--shadow-height) [&amp;:has([data-writing-block])&gt;*]:pointer-events-auto scroll-mt-[calc(var(--header-height)+min(200px,max(70px,20svh)))]\" dir=\"auto\" tabindex=\"-1\" data-turn-id=\"request-WEB:e5140cfe-055b-473f-b017-c8efe3ee96f3-13\" data-testid=\"conversation-turn-26\" data-scroll-anchor=\"true\" data-turn=\"assistant\">\n<div class=\"text-base my-auto mx-auto pb-10 [--thread-content-margin:var(--thread-content-margin-xs,calc(var(--spacing)*4))] @w-sm\/main:[--thread-content-margin:var(--thread-content-margin-sm,calc(var(--spacing)*6))] @w-lg\/main:[--thread-content-margin:var(--thread-content-margin-lg,calc(var(--spacing)*16))] px-(--thread-content-margin)\">\n<div class=\"[--thread-content-max-width:40rem] @w-lg\/main:[--thread-content-max-width:48rem] mx-auto max-w-(--thread-content-max-width) flex-1 group\/turn-messages focus-visible:outline-hidden relative flex w-full min-w-0 flex-col agent-turn\" tabindex=\"-1\">\n<div class=\"flex max-w-full flex-col gap-4 grow\">\n<div class=\"min-h-8 text-message relative flex w-full flex-col items-end gap-2 text-start break-words whitespace-normal [.text-message+&amp;]:mt-1\" dir=\"auto\" data-message-author-role=\"assistant\" data-message-id=\"1db24c80-ddb0-4a29-8d91-a2ae777885eb\" data-message-model-slug=\"gpt-5-3\">\n<div class=\"flex w-full flex-col gap-1 empty:hidden\">\n<div class=\"markdown prose dark:prose-invert w-full wrap-break-word light markdown-new-styling\">\n<p data-start=\"26\" data-end=\"360\" data-is-last-node=\"\" data-is-only-node=\"\">Son <strong data-start=\"30\" data-end=\"83\"><span class=\"hover:entity-accent entity-underline inline cursor-pointer align-baseline\"><span class=\"whitespace-normal\">Charlotte Tilbury<\/span><\/span> Pillow Talk<\/strong> l\u00e0 th\u1ecfi son n\u1ed5i ti\u1ebfng v\u1edbi gam <strong data-start=\"114\" data-end=\"150\">h\u1ed3ng \u0111\u1ea5t nh\u1eb9 nh\u00e0ng v\u00e0 thanh l\u1ecbch<\/strong>, ph\u00f9 h\u1ee3p v\u1edbi nhi\u1ec1u tone da v\u00e0 phong c\u00e1ch trang \u0111i\u1ec3m. Ch\u1ea5t son m\u1ec1m m\u1ecbn, l\u00ean m\u00e0u chu\u1ea9n, gi\u00fap \u0111\u00f4i m\u00f4i lu\u00f4n c\u0103ng m\u1ecdng v\u00e0 quy\u1ebfn r\u0169. Thi\u1ebft k\u1ebf v\u1ecf v\u00e0ng h\u1ed3ng sang tr\u1ecdng mang l\u1ea1i c\u1ea3m gi\u00e1c cao c\u1ea5p v\u00e0 tinh t\u1ebf khi s\u1eed d\u1ee5ng.<\/p>\n<\/div>\n<\/div>\n<\/div>\n<\/div>\n<div class=\"z-0 flex min-h-[46px] justify-start\"><\/div>\n<div class=\"mt-3 w-full empty:hidden\">\n<div class=\"text-center\"><\/div>\n<\/div>\n<\/div>\n<\/div>\n<\/article>\n<\/div>\n<div class=\"pointer-events-none h-px w-px absolute bottom-0\" aria-hidden=\"true\" data-edge=\"true\"><\/div>\n","protected":false},"featured_media":289,"comment_status":"open","ping_status":"closed","template":"","meta":[],"product_brand":[64],"product_cat":[27],"product_tag":[66,65,39,32,67],"class_list":{"0":"post-280","1":"product","2":"type-product","3":"status-publish","4":"has-post-thumbnail","6":"product_brand-charlotte-tilbury","7":"product_cat-son-moi","8":"product_tag-charlotte-tilbury-pillow-talk","9":"product_tag-son-charlotte-tilbury","10":"product_tag-son-hong-dat","11":"product_tag-son-li-cao-cap","12":"product_tag-son-pillow-talk","14":"first","15":"instock","16":"sale","17":"shipping-taxable","18":"purchasable","19":"product-type-variable"},"yoast_head":"<!-- This site is optimized with the Yoast SEO plugin v27.1.1 - https:\/\/yoast.com\/product\/yoast-seo-wordpress\/ -->\n<title>Son Charlotte Tilbury In Love With Olivia - baebeauty<\/title>\n<meta name=\"description\" content=\"Son Charlotte Tilbury In Love With Olivia m\u00e0u h\u1ed3ng nude nh\u1eb9 nh\u00e0ng, ch\u1ea5t son m\u1ec1m m\u1ecbn, l\u00ean m\u00e0u chu\u1ea9n gi\u00fap \u0111\u00f4i m\u00f4i c\u0103ng m\u1ecdng v\u00e0 quy\u1ebfn r\u0169.\" \/>\n<meta name=\"robots\" content=\"index, follow, max-snippet:-1, max-image-preview:large, max-video-preview:-1\" \/>\n<link rel=\"canonical\" href=\"https:\/\/baebeauty.azdigi.shop\/index.php\/san-pham\/son-charlotte-tilbury-in-love-with-olivia\/\" \/>\n<meta property=\"og:locale\" content=\"vi_VN\" \/>\n<meta property=\"og:type\" content=\"article\" \/>\n<meta property=\"og:title\" content=\"Son Charlotte Tilbury In Love With Olivia - baebeauty\" \/>\n<meta property=\"og:description\" content=\"Son Charlotte Tilbury In Love With Olivia m\u00e0u h\u1ed3ng nude nh\u1eb9 nh\u00e0ng, ch\u1ea5t son m\u1ec1m m\u1ecbn, l\u00ean m\u00e0u chu\u1ea9n gi\u00fap \u0111\u00f4i m\u00f4i c\u0103ng m\u1ecdng v\u00e0 quy\u1ebfn r\u0169.\" \/>\n<meta property=\"og:url\" content=\"https:\/\/baebeauty.azdigi.shop\/index.php\/san-pham\/son-charlotte-tilbury-in-love-with-olivia\/\" \/>\n<meta property=\"og:site_name\" content=\"baebeauty\" \/>\n<meta property=\"article:modified_time\" content=\"2026-04-09T12:21:57+00:00\" \/>\n<meta property=\"og:image\" content=\"https:\/\/baebeauty.azdigi.shop\/wp-content\/uploads\/2026\/03\/Son-Charlotte-Tilbury-In-Love-With-Olivia.png\" \/>\n\t<meta property=\"og:image:width\" content=\"600\" \/>\n\t<meta property=\"og:image:height\" content=\"600\" \/>\n\t<meta property=\"og:image:type\" content=\"image\/png\" \/>\n<meta name=\"twitter:card\" content=\"summary_large_image\" \/>\n<meta name=\"twitter:label1\" content=\"\u01af\u1edbc t\u00ednh th\u1eddi gian \u0111\u1ecdc\" \/>\n\t<meta name=\"twitter:data1\" content=\"3 ph\u00fat\" \/>\n<script type=\"application\/ld+json\" class=\"yoast-schema-graph\">{\"@context\":\"https:\/\/schema.org\",\"@graph\":[{\"@type\":\"WebPage\",\"@id\":\"https:\/\/baebeauty.azdigi.shop\/index.php\/san-pham\/son-charlotte-tilbury-in-love-with-olivia\/\",\"url\":\"https:\/\/baebeauty.azdigi.shop\/index.php\/san-pham\/son-charlotte-tilbury-in-love-with-olivia\/\",\"name\":\"Son Charlotte Tilbury In Love With Olivia - baebeauty\",\"isPartOf\":{\"@id\":\"https:\/\/baebeauty.azdigi.shop\/#website\"},\"primaryImageOfPage\":{\"@id\":\"https:\/\/baebeauty.azdigi.shop\/index.php\/san-pham\/son-charlotte-tilbury-in-love-with-olivia\/#primaryimage\"},\"image\":{\"@id\":\"https:\/\/baebeauty.azdigi.shop\/index.php\/san-pham\/son-charlotte-tilbury-in-love-with-olivia\/#primaryimage\"},\"thumbnailUrl\":\"https:\/\/baebeauty.azdigi.shop\/wp-content\/uploads\/2026\/03\/Son-Charlotte-Tilbury-In-Love-With-Olivia.png\",\"datePublished\":\"2026-03-15T14:14:34+00:00\",\"dateModified\":\"2026-04-09T12:21:57+00:00\",\"description\":\"Son Charlotte Tilbury In Love With Olivia m\u00e0u h\u1ed3ng nude nh\u1eb9 nh\u00e0ng, ch\u1ea5t son m\u1ec1m m\u1ecbn, l\u00ean m\u00e0u chu\u1ea9n gi\u00fap \u0111\u00f4i m\u00f4i c\u0103ng m\u1ecdng v\u00e0 quy\u1ebfn r\u0169.\",\"breadcrumb\":{\"@id\":\"https:\/\/baebeauty.azdigi.shop\/index.php\/san-pham\/son-charlotte-tilbury-in-love-with-olivia\/#breadcrumb\"},\"inLanguage\":\"vi\",\"potentialAction\":[{\"@type\":\"ReadAction\",\"target\":[\"https:\/\/baebeauty.azdigi.shop\/index.php\/san-pham\/son-charlotte-tilbury-in-love-with-olivia\/\"]}]},{\"@type\":\"ImageObject\",\"inLanguage\":\"vi\",\"@id\":\"https:\/\/baebeauty.azdigi.shop\/index.php\/san-pham\/son-charlotte-tilbury-in-love-with-olivia\/#primaryimage\",\"url\":\"https:\/\/baebeauty.azdigi.shop\/wp-content\/uploads\/2026\/03\/Son-Charlotte-Tilbury-In-Love-With-Olivia.png\",\"contentUrl\":\"https:\/\/baebeauty.azdigi.shop\/wp-content\/uploads\/2026\/03\/Son-Charlotte-Tilbury-In-Love-With-Olivia.png\",\"width\":600,\"height\":600},{\"@type\":\"BreadcrumbList\",\"@id\":\"https:\/\/baebeauty.azdigi.shop\/index.php\/san-pham\/son-charlotte-tilbury-in-love-with-olivia\/#breadcrumb\",\"itemListElement\":[{\"@type\":\"ListItem\",\"position\":1,\"name\":\"Trang ch\u1ee7\",\"item\":\"https:\/\/baebeauty.azdigi.shop\/\"},{\"@type\":\"ListItem\",\"position\":2,\"name\":\"C\u1eeda h\u00e0ng\",\"item\":\"https:\/\/baebeauty.azdigi.shop\/index.php\/cua-hang\/\"},{\"@type\":\"ListItem\",\"position\":3,\"name\":\"Son Charlotte Tilbury In Love With Olivia\"}]},{\"@type\":\"WebSite\",\"@id\":\"https:\/\/baebeauty.azdigi.shop\/#website\",\"url\":\"https:\/\/baebeauty.azdigi.shop\/\",\"name\":\"baebeauty\",\"description\":\"\",\"potentialAction\":[{\"@type\":\"SearchAction\",\"target\":{\"@type\":\"EntryPoint\",\"urlTemplate\":\"https:\/\/baebeauty.azdigi.shop\/?s={search_term_string}\"},\"query-input\":{\"@type\":\"PropertyValueSpecification\",\"valueRequired\":true,\"valueName\":\"search_term_string\"}}],\"inLanguage\":\"vi\"}]}<\/script>\n<!-- \/ Yoast SEO plugin. -->","yoast_head_json":{"title":"Son Charlotte Tilbury In Love With Olivia - baebeauty","description":"Son Charlotte Tilbury In Love With Olivia m\u00e0u h\u1ed3ng nude nh\u1eb9 nh\u00e0ng, ch\u1ea5t son m\u1ec1m m\u1ecbn, l\u00ean m\u00e0u chu\u1ea9n gi\u00fap \u0111\u00f4i m\u00f4i c\u0103ng m\u1ecdng v\u00e0 quy\u1ebfn r\u0169.","robots":{"index":"index","follow":"follow","max-snippet":"max-snippet:-1","max-image-preview":"max-image-preview:large","max-video-preview":"max-video-preview:-1"},"canonical":"https:\/\/baebeauty.azdigi.shop\/index.php\/san-pham\/son-charlotte-tilbury-in-love-with-olivia\/","og_locale":"vi_VN","og_type":"article","og_title":"Son Charlotte Tilbury In Love With Olivia - baebeauty","og_description":"Son Charlotte Tilbury In Love With Olivia m\u00e0u h\u1ed3ng nude nh\u1eb9 nh\u00e0ng, ch\u1ea5t son m\u1ec1m m\u1ecbn, l\u00ean m\u00e0u chu\u1ea9n gi\u00fap \u0111\u00f4i m\u00f4i c\u0103ng m\u1ecdng v\u00e0 quy\u1ebfn r\u0169.","og_url":"https:\/\/baebeauty.azdigi.shop\/index.php\/san-pham\/son-charlotte-tilbury-in-love-with-olivia\/","og_site_name":"baebeauty","article_modified_time":"2026-04-09T12:21:57+00:00","og_image":[{"width":600,"height":600,"url":"https:\/\/baebeauty.azdigi.shop\/wp-content\/uploads\/2026\/03\/Son-Charlotte-Tilbury-In-Love-With-Olivia.png","type":"image\/png"}],"twitter_card":"summary_large_image","twitter_misc":{"\u01af\u1edbc t\u00ednh th\u1eddi gian \u0111\u1ecdc":"3 ph\u00fat"},"schema":{"@context":"https:\/\/schema.org","@graph":[{"@type":"WebPage","@id":"https:\/\/baebeauty.azdigi.shop\/index.php\/san-pham\/son-charlotte-tilbury-in-love-with-olivia\/","url":"https:\/\/baebeauty.azdigi.shop\/index.php\/san-pham\/son-charlotte-tilbury-in-love-with-olivia\/","name":"Son Charlotte Tilbury In Love With Olivia - baebeauty","isPartOf":{"@id":"https:\/\/baebeauty.azdigi.shop\/#website"},"primaryImageOfPage":{"@id":"https:\/\/baebeauty.azdigi.shop\/index.php\/san-pham\/son-charlotte-tilbury-in-love-with-olivia\/#primaryimage"},"image":{"@id":"https:\/\/baebeauty.azdigi.shop\/index.php\/san-pham\/son-charlotte-tilbury-in-love-with-olivia\/#primaryimage"},"thumbnailUrl":"https:\/\/baebeauty.azdigi.shop\/wp-content\/uploads\/2026\/03\/Son-Charlotte-Tilbury-In-Love-With-Olivia.png","datePublished":"2026-03-15T14:14:34+00:00","dateModified":"2026-04-09T12:21:57+00:00","description":"Son Charlotte Tilbury In Love With Olivia m\u00e0u h\u1ed3ng nude nh\u1eb9 nh\u00e0ng, ch\u1ea5t son m\u1ec1m m\u1ecbn, l\u00ean m\u00e0u chu\u1ea9n gi\u00fap \u0111\u00f4i m\u00f4i c\u0103ng m\u1ecdng v\u00e0 quy\u1ebfn r\u0169.","breadcrumb":{"@id":"https:\/\/baebeauty.azdigi.shop\/index.php\/san-pham\/son-charlotte-tilbury-in-love-with-olivia\/#breadcrumb"},"inLanguage":"vi","potentialAction":[{"@type":"ReadAction","target":["https:\/\/baebeauty.azdigi.shop\/index.php\/san-pham\/son-charlotte-tilbury-in-love-with-olivia\/"]}]},{"@type":"ImageObject","inLanguage":"vi","@id":"https:\/\/baebeauty.azdigi.shop\/index.php\/san-pham\/son-charlotte-tilbury-in-love-with-olivia\/#primaryimage","url":"https:\/\/baebeauty.azdigi.shop\/wp-content\/uploads\/2026\/03\/Son-Charlotte-Tilbury-In-Love-With-Olivia.png","contentUrl":"https:\/\/baebeauty.azdigi.shop\/wp-content\/uploads\/2026\/03\/Son-Charlotte-Tilbury-In-Love-With-Olivia.png","width":600,"height":600},{"@type":"BreadcrumbList","@id":"https:\/\/baebeauty.azdigi.shop\/index.php\/san-pham\/son-charlotte-tilbury-in-love-with-olivia\/#breadcrumb","itemListElement":[{"@type":"ListItem","position":1,"name":"Trang ch\u1ee7","item":"https:\/\/baebeauty.azdigi.shop\/"},{"@type":"ListItem","position":2,"name":"C\u1eeda h\u00e0ng","item":"https:\/\/baebeauty.azdigi.shop\/index.php\/cua-hang\/"},{"@type":"ListItem","position":3,"name":"Son Charlotte Tilbury In Love With Olivia"}]},{"@type":"WebSite","@id":"https:\/\/baebeauty.azdigi.shop\/#website","url":"https:\/\/baebeauty.azdigi.shop\/","name":"baebeauty","description":"","potentialAction":[{"@type":"SearchAction","target":{"@type":"EntryPoint","urlTemplate":"https:\/\/baebeauty.azdigi.shop\/?s={search_term_string}"},"query-input":{"@type":"PropertyValueSpecification","valueRequired":true,"valueName":"search_term_string"}}],"inLanguage":"vi"}]}},"_links":{"self":[{"href":"https:\/\/baebeauty.azdigi.shop\/index.php\/wp-json\/wp\/v2\/product\/280","targetHints":{"allow":["GET"]}}],"collection":[{"href":"https:\/\/baebeauty.azdigi.shop\/index.php\/wp-json\/wp\/v2\/product"}],"about":[{"href":"https:\/\/baebeauty.azdigi.shop\/index.php\/wp-json\/wp\/v2\/types\/product"}],"replies":[{"embeddable":true,"href":"https:\/\/baebeauty.azdigi.shop\/index.php\/wp-json\/wp\/v2\/comments?post=280"}],"wp:featuredmedia":[{"embeddable":true,"href":"https:\/\/baebeauty.azdigi.shop\/index.php\/wp-json\/wp\/v2\/media\/289"}],"wp:attachment":[{"href":"https:\/\/baebeauty.azdigi.shop\/index.php\/wp-json\/wp\/v2\/media?parent=280"}],"wp:term":[{"taxonomy":"product_brand","embeddable":true,"href":"https:\/\/baebeauty.azdigi.shop\/index.php\/wp-json\/wp\/v2\/product_brand?post=280"},{"taxonomy":"product_cat","embeddable":true,"href":"https:\/\/baebeauty.azdigi.shop\/index.php\/wp-json\/wp\/v2\/product_cat?post=280"},{"taxonomy":"product_tag","embeddable":true,"href":"https:\/\/baebeauty.azdigi.shop\/index.php\/wp-json\/wp\/v2\/product_tag?post=280"}],"curies":[{"name":"wp","href":"https:\/\/api.w.org\/{rel}","templated":true}]}}