{"id":306,"date":"2026-03-16T14:20:47","date_gmt":"2026-03-16T14:20:47","guid":{"rendered":"https:\/\/baebeauty.azdigi.shop\/?post_type=product&#038;p=306"},"modified":"2026-04-04T04:27:35","modified_gmt":"2026-04-04T04:27:35","slug":"dior-forever-nude-radiant-filter-00-luminescent","status":"publish","type":"product","link":"https:\/\/baebeauty.azdigi.shop\/index.php\/san-pham\/dior-forever-nude-radiant-filter-00-luminescent\/","title":{"rendered":"Dior Forever Nude Radiant Filter 00 Luminescent \u2013 Ph\u1ea5n Ph\u1ee7 Trong Su\u1ed1t"},"content":{"rendered":"<p data-pm-slice=\"1 1 []\"><strong data-start=\"688\" data-end=\"748\">Ph\u1ea5n ph\u1ee7 Dior Forever Nude Radiant Filter 00 Luminescent<\/strong> l\u00e0 d\u00f2ng ph\u1ea5n ph\u1ee7 cao c\u1ea5p gi\u00fap l\u00e0m m\u1ecbn da v\u00e0 t\u1ea1o hi\u1ec7u \u1ee9ng filter t\u1ef1 nhi\u00ean. S\u1ea3n ph\u1ea9m c\u00f3 k\u1ebft c\u1ea5u si\u00eau m\u1ecbn, nh\u1eb9 m\u1eb7t, gi\u00fap c\u1ed1 \u0111\u1ecbnh l\u1edbp trang \u0111i\u1ec3m v\u00e0 mang l\u1ea1i l\u00e0n da r\u1ea1ng r\u1ee1 su\u1ed1t nhi\u1ec1u gi\u1edd.<\/p>\n<h2 data-section-id=\"1mn5obp\" data-start=\"974\" data-end=\"991\"><strong>V\u1ec1 th\u01b0\u01a1ng hi\u1ec7u<\/strong><\/h2>\n<p data-start=\"992\" data-end=\"1204\"><span class=\"hover:entity-accent entity-underline inline cursor-pointer align-baseline\"><span class=\"whitespace-normal\">Dior<\/span><\/span> l\u00e0 th\u01b0\u01a1ng hi\u1ec7u th\u1eddi trang v\u00e0 m\u1ef9 ph\u1ea9m cao c\u1ea5p n\u1ed5i ti\u1ebfng \u0111\u1ebfn t\u1eeb Ph\u00e1p. Th\u01b0\u01a1ng hi\u1ec7u \u0111\u01b0\u1ee3c s\u00e1ng l\u1eadp b\u1edfi nh\u00e0 thi\u1ebft k\u1ebf huy\u1ec1n tho\u1ea1i <span class=\"hover:entity-accent entity-underline inline cursor-pointer align-baseline\"><span class=\"whitespace-normal\">Christian Dior<\/span><\/span> v\u00e0o n\u0103m 1946.<\/p>\n<p data-start=\"1206\" data-end=\"1429\">C\u00e1c s\u1ea3n ph\u1ea9m c\u1ee7a Dior lu\u00f4n \u0111\u01b0\u1ee3c \u0111\u00e1nh gi\u00e1 cao b\u1edfi thi\u1ebft k\u1ebf sang tr\u1ecdng, ch\u1ea5t l\u01b0\u1ee3ng cao c\u1ea5p v\u00e0 kh\u1ea3 n\u0103ng mang l\u1ea1i v\u1ebb \u0111\u1eb9p tinh t\u1ebf cho ng\u01b0\u1eddi s\u1eed d\u1ee5ng. Ngo\u00e0i m\u1ef9 ph\u1ea9m, Dior c\u00f2n n\u1ed5i ti\u1ebfng v\u1edbi th\u1eddi trang, n\u01b0\u1edbc hoa v\u00e0 ph\u1ee5 ki\u1ec7n cao c\u1ea5p.<\/p>\n<p data-start=\"1206\" data-end=\"1429\"><img loading=\"lazy\" decoding=\"async\" class=\"aligncenter\" src=\"https:\/\/cdn.vuahanghieu.com\/unsafe\/0x0\/left\/top\/smart\/filters:quality(90)\/https:\/\/admin.vuahanghieu.com\/upload\/news\/content\/2021\/04\/feat-dior-lvmh-main-jpg-1617174104-31032021140144-jpg-1617327409-02042021083649.jpg\" alt=\"Ph\u1ea5n ph\u1ee7 Dior Forever Nude Radiant Filter 00 Luminescent\" width=\"600\" height=\"400\" \/><\/p>\n<h2 data-section-id=\"406wxr\" data-start=\"1568\" data-end=\"1612\"><strong>Thi\u1ebft k\u1ebf Dior Forever Nude Radiant Filter<\/strong><\/h2>\n<p data-start=\"1613\" data-end=\"1824\">Ph\u1ea5n ph\u1ee7 <strong data-start=\"1622\" data-end=\"1673\">Dior Forever Nude Radiant Filter 00 Luminescent<\/strong> \u0111\u01b0\u1ee3c thi\u1ebft k\u1ebf v\u1edbi h\u1ed9p ph\u1ea5n tr\u00f2n sang tr\u1ecdng mang phong c\u00e1ch thanh l\u1ecbch \u0111\u1eb7c tr\u01b0ng c\u1ee7a Dior. V\u1ecf h\u1ed9p c\u00f3 gam m\u00e0u nude \u00e1nh kim tinh t\u1ebf c\u00f9ng logo CD n\u1ed5i b\u1eadt.<\/p>\n<p data-start=\"1826\" data-end=\"2020\">B\u00ean trong s\u1ea3n ph\u1ea9m \u0111\u01b0\u1ee3c trang b\u1ecb g\u01b0\u01a1ng ti\u1ec7n l\u1ee3i gi\u00fap ng\u01b0\u1eddi d\u00f9ng d\u1ec5 d\u00e0ng d\u1eb7m l\u1ea1i l\u1edbp ph\u1ea5n khi c\u1ea7n thi\u1ebft. Thi\u1ebft k\u1ebf nh\u1ecf g\u1ecdn gi\u00fap b\u1ea1n c\u00f3 th\u1ec3 mang theo trong t\u00fai x\u00e1ch khi \u0111i l\u00e0m, \u0111i h\u1ecdc ho\u1eb7c du l\u1ecbch.<\/p>\n<p data-start=\"1826\" data-end=\"2020\"><img loading=\"lazy\" decoding=\"async\" class=\"wp-image-310 size-medium aligncenter\" src=\"https:\/\/baebeauty.azdigi.shop\/wp-content\/uploads\/2026\/03\/phan-phu-dior-forever-nude-radiant-filter-tone-00-luminescent-6925302be4ec0-25112025112723-300x300.webp\" alt=\"Ph\u1ea5n ph\u1ee7 Dior Forever Nude Radiant Filter 00 Luminescent\" width=\"300\" height=\"300\" srcset=\"https:\/\/baebeauty.azdigi.shop\/wp-content\/uploads\/2026\/03\/phan-phu-dior-forever-nude-radiant-filter-tone-00-luminescent-6925302be4ec0-25112025112723-300x300.webp 300w, https:\/\/baebeauty.azdigi.shop\/wp-content\/uploads\/2026\/03\/phan-phu-dior-forever-nude-radiant-filter-tone-00-luminescent-6925302be4ec0-25112025112723-150x150.webp 150w, https:\/\/baebeauty.azdigi.shop\/wp-content\/uploads\/2026\/03\/phan-phu-dior-forever-nude-radiant-filter-tone-00-luminescent-6925302be4ec0-25112025112723-768x768.webp 768w, https:\/\/baebeauty.azdigi.shop\/wp-content\/uploads\/2026\/03\/phan-phu-dior-forever-nude-radiant-filter-tone-00-luminescent-6925302be4ec0-25112025112723-600x600.webp 600w, https:\/\/baebeauty.azdigi.shop\/wp-content\/uploads\/2026\/03\/phan-phu-dior-forever-nude-radiant-filter-tone-00-luminescent-6925302be4ec0-25112025112723-100x100.webp 100w, https:\/\/baebeauty.azdigi.shop\/wp-content\/uploads\/2026\/03\/phan-phu-dior-forever-nude-radiant-filter-tone-00-luminescent-6925302be4ec0-25112025112723.webp 900w\" sizes=\"auto, (max-width: 300px) 100vw, 300px\" \/><\/p>\n<h2 data-section-id=\"oq0kw0\" data-start=\"2027\" data-end=\"2085\"><strong>\u01afu \u0111i\u1ec3m Dior Forever Nude Radiant Filter 00 Luminescent<\/strong><\/h2>\n<p data-start=\"2087\" data-end=\"2254\">Ph\u1ea5n ph\u1ee7 <strong data-start=\"2096\" data-end=\"2147\">Dior Forever Nude Radiant Filter 00 Luminescent<\/strong> c\u00f3 t\u00f4ng m\u00e0u trong su\u1ed1t v\u1edbi \u00e1nh ng\u1ecdc trai nh\u1eb9 gi\u00fap ph\u1ea3n chi\u1ebfu \u00e1nh s\u00e1ng t\u1ef1 nhi\u00ean, ph\u00f9 h\u1ee3p v\u1edbi nhi\u1ec1u lo\u1ea1i da.<\/p>\n<p data-start=\"2256\" data-end=\"2366\">Ch\u1ea5t ph\u1ea5n si\u00eau m\u1ecbn, nh\u1eb9 nh\u01b0 kh\u00f4ng gi\u00fap l\u1edbp ph\u1ea5n h\u00f2a v\u00e0o da m\u1ed9t c\u00e1ch t\u1ef1 nhi\u00ean, kh\u00f4ng g\u00e2y n\u1eb7ng m\u1eb7t hay b\u1ed9t ph\u1ea5n.<\/p>\n<p data-start=\"2256\" data-end=\"2366\"><img loading=\"lazy\" decoding=\"async\" class=\"wp-image-309 size-medium aligncenter\" src=\"https:\/\/baebeauty.azdigi.shop\/wp-content\/uploads\/2026\/03\/phan-phu-dior-forever-nude-radiant-filter-tone-00-luminescent-6925302be3cd9-25112025112723-300x300.webp\" alt=\"Ph\u1ea5n ph\u1ee7 Dior Forever Nude Radiant Filter 00 Luminescent\" width=\"300\" height=\"300\" srcset=\"https:\/\/baebeauty.azdigi.shop\/wp-content\/uploads\/2026\/03\/phan-phu-dior-forever-nude-radiant-filter-tone-00-luminescent-6925302be3cd9-25112025112723-300x300.webp 300w, https:\/\/baebeauty.azdigi.shop\/wp-content\/uploads\/2026\/03\/phan-phu-dior-forever-nude-radiant-filter-tone-00-luminescent-6925302be3cd9-25112025112723-150x150.webp 150w, https:\/\/baebeauty.azdigi.shop\/wp-content\/uploads\/2026\/03\/phan-phu-dior-forever-nude-radiant-filter-tone-00-luminescent-6925302be3cd9-25112025112723-768x768.webp 768w, https:\/\/baebeauty.azdigi.shop\/wp-content\/uploads\/2026\/03\/phan-phu-dior-forever-nude-radiant-filter-tone-00-luminescent-6925302be3cd9-25112025112723-600x600.webp 600w, https:\/\/baebeauty.azdigi.shop\/wp-content\/uploads\/2026\/03\/phan-phu-dior-forever-nude-radiant-filter-tone-00-luminescent-6925302be3cd9-25112025112723-100x100.webp 100w, https:\/\/baebeauty.azdigi.shop\/wp-content\/uploads\/2026\/03\/phan-phu-dior-forever-nude-radiant-filter-tone-00-luminescent-6925302be3cd9-25112025112723.webp 900w\" sizes=\"auto, (max-width: 300px) 100vw, 300px\" \/><\/p>\n<h3 data-section-id=\"16p30d5\" data-start=\"2368\" data-end=\"2389\"><strong>C\u00f4ng d\u1ee5ng n\u1ed5i b\u1eadt<\/strong><\/h3>\n<ul data-start=\"2391\" data-end=\"2630\">\n<li data-section-id=\"1x3agyc\" data-start=\"2391\" data-end=\"2434\">\n<p data-start=\"2393\" data-end=\"2434\">Gi\u00fap l\u00e0m m\u1edd l\u1ed7 ch\u00e2n l\u00f4ng v\u00e0 khuy\u1ebft \u0111i\u1ec3m<\/p>\n<\/li>\n<li data-section-id=\"1f5fgoa\" data-start=\"2435\" data-end=\"2472\">\n<p data-start=\"2437\" data-end=\"2472\">T\u1ea1o hi\u1ec7u \u1ee9ng da m\u1ecbn nh\u01b0 c\u00f3 filter<\/p>\n<\/li>\n<li data-section-id=\"nces55\" data-start=\"2473\" data-end=\"2508\">\n<p data-start=\"2475\" data-end=\"2508\">C\u1ed1 \u0111\u1ecbnh l\u1edbp trang \u0111i\u1ec3m l\u00e2u tr\u00f4i<\/p>\n<\/li>\n<li data-section-id=\"11npkrv\" data-start=\"2509\" data-end=\"2536\">\n<p data-start=\"2511\" data-end=\"2536\">Ki\u1ec3m so\u00e1t d\u1ea7u nh\u1eb9 nh\u00e0ng<\/p>\n<\/li>\n<li data-section-id=\"v6wuzu\" data-start=\"2537\" data-end=\"2576\">\n<p data-start=\"2539\" data-end=\"2576\">Gi\u1eef l\u1edbp n\u1ec1n t\u1ef1 nhi\u00ean su\u1ed1t nhi\u1ec1u gi\u1edd<\/p>\n<\/li>\n<li data-section-id=\"15z6oip\" data-start=\"2577\" data-end=\"2630\">\n<p data-start=\"2579\" data-end=\"2630\">C\u00f4ng th\u1ee9c ch\u1ee9a Hyaluronic Acid gi\u00fap d\u01b0\u1ee1ng \u1ea9m cho da<\/p>\n<\/li>\n<\/ul>\n<p data-start=\"2632\" data-end=\"2792\">B\u1ea1n c\u00f3 th\u1ec3 k\u1ebft h\u1ee3p s\u1ea3n ph\u1ea9m v\u1edbi <strong data-start=\"2664\" data-end=\"2675\">kem n\u1ec1n<\/strong>, <strong data-start=\"2677\" data-end=\"2688\">son m\u00f4i<\/strong> ho\u1eb7c <strong data-start=\"2694\" data-end=\"2710\">x\u1ecbt kh\u00f3a n\u1ec1n<\/strong> \u0111\u1ec3 l\u1edbp trang \u0111i\u1ec3m ho\u00e0n thi\u1ec7n h\u01a1n.<br data-start=\"2744\" data-end=\"2747\" \/><em data-start=\"2747\" data-end=\"2792\">(g\u1eafn link n\u1ed9i b\u1ed9 v\u00e0o danh m\u1ee5c s\u1ea3n ph\u1ea9m web)<\/em><\/p>\n<h2 data-section-id=\"69br7c\" data-start=\"2799\" data-end=\"2819\"><strong>H\u01b0\u1edbng d\u1eabn s\u1eed d\u1ee5ng<\/strong><\/h2>\n<ul data-start=\"2821\" data-end=\"3017\">\n<li data-section-id=\"mik2on\" data-start=\"2821\" data-end=\"2891\">\n<p data-start=\"2823\" data-end=\"2891\">D\u00f9ng b\u00f4ng m\u00fat ho\u1eb7c c\u1ecd ph\u1ee7 m\u1ed9t l\u1edbp ph\u1ea5n m\u1ecfng l\u00ean to\u00e0n b\u1ed9 khu\u00f4n m\u1eb7t.<\/p>\n<\/li>\n<li data-section-id=\"18r0s6r\" data-start=\"2892\" data-end=\"2963\">\n<p data-start=\"2894\" data-end=\"2963\">C\u00f3 th\u1ec3 d\u1eb7m th\u00eam \u1edf v\u00f9ng ch\u1eef T nh\u01b0 tr\u00e1n, m\u0169i v\u00e0 c\u1eb1m \u0111\u1ec3 ki\u1ec3m so\u00e1t d\u1ea7u.<\/p>\n<\/li>\n<li data-section-id=\"1pkkf30\" data-start=\"2964\" data-end=\"3017\">\n<p data-start=\"2966\" data-end=\"3017\">S\u1eed d\u1ee5ng sau b\u01b0\u1edbc kem n\u1ec1n \u0111\u1ec3 c\u1ed1 \u0111\u1ecbnh l\u1edbp trang \u0111i\u1ec3m.<\/p>\n<\/li>\n<\/ul>\n<h3 data-section-id=\"ayc2td\" data-start=\"3019\" data-end=\"3031\"><strong>B\u1ea3o qu\u1ea3n<\/strong><\/h3>\n<ul data-start=\"3032\" data-end=\"3118\">\n<li data-section-id=\"1o9oxwq\" data-start=\"3032\" data-end=\"3074\">\n<p data-start=\"3034\" data-end=\"3074\">\u0110\u1ec3 s\u1ea3n ph\u1ea9m \u1edf n\u01a1i kh\u00f4 r\u00e1o, tho\u00e1ng m\u00e1t.<\/p>\n<\/li>\n<li data-section-id=\"dr9a69\" data-start=\"3075\" data-end=\"3118\">\n<p data-start=\"3077\" data-end=\"3118\">Tr\u00e1nh \u00e1nh n\u1eafng tr\u1ef1c ti\u1ebfp v\u00e0 nhi\u1ec7t \u0111\u1ed9 cao.<\/p>\n<\/li>\n<\/ul>\n<p>B\u1ea1n c\u00f3 th\u1ec3 tham kh\u1ea3o th\u00eam th\u00f4ng tin t\u1ea1i website ch\u00ednh th\u1ee9c:<br data-start=\"1490\" data-end=\"1493\" \/><a class=\"decorated-link\" href=\"https:\/\/www.dior.com\" target=\"_new\" rel=\"noopener\" data-start=\"1493\" data-end=\"1513\">https:\/\/www.dior.com<\/a><\/p>\n","protected":false},"excerpt":{"rendered":"<p>Ph\u1ea5n ph\u1ee7 Dior Forever Nude Radiant Filter 00 Luminescent l\u00e0 d\u00f2ng ph\u1ea5n ph\u1ee7 cao c\u1ea5p gi\u00fap l\u00e0m m\u1ecbn da v\u00e0 t\u1ea1o hi\u1ec7u \u1ee9ng filter t\u1ef1 nhi\u00ean. S\u1ea3n ph\u1ea9m c\u00f3 k\u1ebft c\u1ea5u si\u00eau m\u1ecbn, nh\u1eb9 m\u1eb7t, gi\u00fap c\u1ed1 \u0111\u1ecbnh l\u1edbp trang \u0111i\u1ec3m v\u00e0 mang l\u1ea1i l\u00e0n da r\u1ea1ng r\u1ee1 su\u1ed1t nhi\u1ec1u gi\u1edd. V\u1ec1 th\u01b0\u01a1ng hi\u1ec7u Dior [&#8230;]\n","protected":false},"featured_media":308,"comment_status":"open","ping_status":"closed","template":"","meta":[],"product_brand":[33],"product_cat":[79],"product_tag":[80,82,83,87,84,81,86,85],"class_list":{"0":"post-306","1":"product","2":"type-product","3":"status-publish","4":"has-post-thumbnail","6":"product_brand-dior","7":"product_cat-phan-phu","8":"product_tag-dior","9":"product_tag-dior-forever","10":"product_tag-dior-forever-nude-radiant-filter","11":"product_tag-dior-makeup","12":"product_tag-phan-phu-cao-cap","13":"product_tag-phan-phu-dior","14":"product_tag-phan-phu-kiem-dau","15":"product_tag-phan-phu-trong-suot","17":"first","18":"instock","19":"sale","20":"shipping-taxable","21":"purchasable","22":"product-type-variable"},"yoast_head":"<!-- This site is optimized with the Yoast SEO plugin v27.1.1 - https:\/\/yoast.com\/product\/yoast-seo-wordpress\/ -->\n<title>Dior Forever Nude Radiant Filter 00 Luminescent \u2013 Ph\u1ea5n Ph\u1ee7 Trong Su\u1ed1t - baebeauty<\/title>\n<meta name=\"description\" content=\"Ph\u1ea5n ph\u1ee7 Dior Forever Nude Radiant Filter 00 Luminescent gi\u00fap l\u00e0m m\u1ecbn da, t\u1ea1o hi\u1ec7u \u1ee9ng filter t\u1ef1 nhi\u00ean, c\u1ed1 \u0111\u1ecbnh l\u1edbp trang \u0111i\u1ec3m v\u00e0 ki\u1ec3m so\u00e1t d\u1ea7u hi\u1ec7u qu\u1ea3.\" \/>\n<meta name=\"robots\" content=\"index, follow, max-snippet:-1, max-image-preview:large, max-video-preview:-1\" \/>\n<link rel=\"canonical\" href=\"https:\/\/baebeauty.azdigi.shop\/index.php\/san-pham\/dior-forever-nude-radiant-filter-00-luminescent\/\" \/>\n<meta property=\"og:locale\" content=\"vi_VN\" \/>\n<meta property=\"og:type\" content=\"article\" \/>\n<meta property=\"og:title\" content=\"Dior Forever Nude Radiant Filter 00 Luminescent \u2013 Ph\u1ea5n Ph\u1ee7 Trong Su\u1ed1t - baebeauty\" \/>\n<meta property=\"og:description\" content=\"Ph\u1ea5n ph\u1ee7 Dior Forever Nude Radiant Filter 00 Luminescent gi\u00fap l\u00e0m m\u1ecbn da, t\u1ea1o hi\u1ec7u \u1ee9ng filter t\u1ef1 nhi\u00ean, c\u1ed1 \u0111\u1ecbnh l\u1edbp trang \u0111i\u1ec3m v\u00e0 ki\u1ec3m so\u00e1t d\u1ea7u hi\u1ec7u qu\u1ea3.\" \/>\n<meta property=\"og:url\" content=\"https:\/\/baebeauty.azdigi.shop\/index.php\/san-pham\/dior-forever-nude-radiant-filter-00-luminescent\/\" \/>\n<meta property=\"og:site_name\" content=\"baebeauty\" \/>\n<meta property=\"article:modified_time\" content=\"2026-04-04T04:27:35+00:00\" \/>\n<meta property=\"og:image\" content=\"https:\/\/baebeauty.azdigi.shop\/wp-content\/uploads\/2026\/03\/phan-phu-dior-forever-nude-radiant-filter-tone-00-luminescent-6925302be3519-25112025112723.webp\" \/>\n\t<meta property=\"og:image:width\" content=\"500\" \/>\n\t<meta property=\"og:image:height\" content=\"500\" \/>\n\t<meta property=\"og:image:type\" content=\"image\/webp\" \/>\n<meta name=\"twitter:card\" content=\"summary_large_image\" \/>\n<meta name=\"twitter:label1\" content=\"\u01af\u1edbc t\u00ednh th\u1eddi gian \u0111\u1ecdc\" \/>\n\t<meta name=\"twitter:data1\" content=\"4 ph\u00fat\" \/>\n<script type=\"application\/ld+json\" class=\"yoast-schema-graph\">{\"@context\":\"https:\/\/schema.org\",\"@graph\":[{\"@type\":\"WebPage\",\"@id\":\"https:\/\/baebeauty.azdigi.shop\/index.php\/san-pham\/dior-forever-nude-radiant-filter-00-luminescent\/\",\"url\":\"https:\/\/baebeauty.azdigi.shop\/index.php\/san-pham\/dior-forever-nude-radiant-filter-00-luminescent\/\",\"name\":\"Dior Forever Nude Radiant Filter 00 Luminescent \u2013 Ph\u1ea5n Ph\u1ee7 Trong Su\u1ed1t - baebeauty\",\"isPartOf\":{\"@id\":\"https:\/\/baebeauty.azdigi.shop\/#website\"},\"primaryImageOfPage\":{\"@id\":\"https:\/\/baebeauty.azdigi.shop\/index.php\/san-pham\/dior-forever-nude-radiant-filter-00-luminescent\/#primaryimage\"},\"image\":{\"@id\":\"https:\/\/baebeauty.azdigi.shop\/index.php\/san-pham\/dior-forever-nude-radiant-filter-00-luminescent\/#primaryimage\"},\"thumbnailUrl\":\"https:\/\/baebeauty.azdigi.shop\/wp-content\/uploads\/2026\/03\/phan-phu-dior-forever-nude-radiant-filter-tone-00-luminescent-6925302be3519-25112025112723.webp\",\"datePublished\":\"2026-03-16T14:20:47+00:00\",\"dateModified\":\"2026-04-04T04:27:35+00:00\",\"description\":\"Ph\u1ea5n ph\u1ee7 Dior Forever Nude Radiant Filter 00 Luminescent gi\u00fap l\u00e0m m\u1ecbn da, t\u1ea1o hi\u1ec7u \u1ee9ng filter t\u1ef1 nhi\u00ean, c\u1ed1 \u0111\u1ecbnh l\u1edbp trang \u0111i\u1ec3m v\u00e0 ki\u1ec3m so\u00e1t d\u1ea7u hi\u1ec7u qu\u1ea3.\",\"breadcrumb\":{\"@id\":\"https:\/\/baebeauty.azdigi.shop\/index.php\/san-pham\/dior-forever-nude-radiant-filter-00-luminescent\/#breadcrumb\"},\"inLanguage\":\"vi\",\"potentialAction\":[{\"@type\":\"ReadAction\",\"target\":[\"https:\/\/baebeauty.azdigi.shop\/index.php\/san-pham\/dior-forever-nude-radiant-filter-00-luminescent\/\"]}]},{\"@type\":\"ImageObject\",\"inLanguage\":\"vi\",\"@id\":\"https:\/\/baebeauty.azdigi.shop\/index.php\/san-pham\/dior-forever-nude-radiant-filter-00-luminescent\/#primaryimage\",\"url\":\"https:\/\/baebeauty.azdigi.shop\/wp-content\/uploads\/2026\/03\/phan-phu-dior-forever-nude-radiant-filter-tone-00-luminescent-6925302be3519-25112025112723.webp\",\"contentUrl\":\"https:\/\/baebeauty.azdigi.shop\/wp-content\/uploads\/2026\/03\/phan-phu-dior-forever-nude-radiant-filter-tone-00-luminescent-6925302be3519-25112025112723.webp\",\"width\":500,\"height\":500},{\"@type\":\"BreadcrumbList\",\"@id\":\"https:\/\/baebeauty.azdigi.shop\/index.php\/san-pham\/dior-forever-nude-radiant-filter-00-luminescent\/#breadcrumb\",\"itemListElement\":[{\"@type\":\"ListItem\",\"position\":1,\"name\":\"Trang ch\u1ee7\",\"item\":\"https:\/\/baebeauty.azdigi.shop\/\"},{\"@type\":\"ListItem\",\"position\":2,\"name\":\"C\u1eeda h\u00e0ng\",\"item\":\"https:\/\/baebeauty.azdigi.shop\/index.php\/cua-hang\/\"},{\"@type\":\"ListItem\",\"position\":3,\"name\":\"Dior Forever Nude Radiant Filter 00 Luminescent \u2013 Ph\u1ea5n Ph\u1ee7 Trong Su\u1ed1t\"}]},{\"@type\":\"WebSite\",\"@id\":\"https:\/\/baebeauty.azdigi.shop\/#website\",\"url\":\"https:\/\/baebeauty.azdigi.shop\/\",\"name\":\"baebeauty\",\"description\":\"\",\"potentialAction\":[{\"@type\":\"SearchAction\",\"target\":{\"@type\":\"EntryPoint\",\"urlTemplate\":\"https:\/\/baebeauty.azdigi.shop\/?s={search_term_string}\"},\"query-input\":{\"@type\":\"PropertyValueSpecification\",\"valueRequired\":true,\"valueName\":\"search_term_string\"}}],\"inLanguage\":\"vi\"}]}<\/script>\n<!-- \/ Yoast SEO plugin. -->","yoast_head_json":{"title":"Dior Forever Nude Radiant Filter 00 Luminescent \u2013 Ph\u1ea5n Ph\u1ee7 Trong Su\u1ed1t - baebeauty","description":"Ph\u1ea5n ph\u1ee7 Dior Forever Nude Radiant Filter 00 Luminescent gi\u00fap l\u00e0m m\u1ecbn da, t\u1ea1o hi\u1ec7u \u1ee9ng filter t\u1ef1 nhi\u00ean, c\u1ed1 \u0111\u1ecbnh l\u1edbp trang \u0111i\u1ec3m v\u00e0 ki\u1ec3m so\u00e1t d\u1ea7u hi\u1ec7u qu\u1ea3.","robots":{"index":"index","follow":"follow","max-snippet":"max-snippet:-1","max-image-preview":"max-image-preview:large","max-video-preview":"max-video-preview:-1"},"canonical":"https:\/\/baebeauty.azdigi.shop\/index.php\/san-pham\/dior-forever-nude-radiant-filter-00-luminescent\/","og_locale":"vi_VN","og_type":"article","og_title":"Dior Forever Nude Radiant Filter 00 Luminescent \u2013 Ph\u1ea5n Ph\u1ee7 Trong Su\u1ed1t - baebeauty","og_description":"Ph\u1ea5n ph\u1ee7 Dior Forever Nude Radiant Filter 00 Luminescent gi\u00fap l\u00e0m m\u1ecbn da, t\u1ea1o hi\u1ec7u \u1ee9ng filter t\u1ef1 nhi\u00ean, c\u1ed1 \u0111\u1ecbnh l\u1edbp trang \u0111i\u1ec3m v\u00e0 ki\u1ec3m so\u00e1t d\u1ea7u hi\u1ec7u qu\u1ea3.","og_url":"https:\/\/baebeauty.azdigi.shop\/index.php\/san-pham\/dior-forever-nude-radiant-filter-00-luminescent\/","og_site_name":"baebeauty","article_modified_time":"2026-04-04T04:27:35+00:00","og_image":[{"width":500,"height":500,"url":"https:\/\/baebeauty.azdigi.shop\/wp-content\/uploads\/2026\/03\/phan-phu-dior-forever-nude-radiant-filter-tone-00-luminescent-6925302be3519-25112025112723.webp","type":"image\/webp"}],"twitter_card":"summary_large_image","twitter_misc":{"\u01af\u1edbc t\u00ednh th\u1eddi gian \u0111\u1ecdc":"4 ph\u00fat"},"schema":{"@context":"https:\/\/schema.org","@graph":[{"@type":"WebPage","@id":"https:\/\/baebeauty.azdigi.shop\/index.php\/san-pham\/dior-forever-nude-radiant-filter-00-luminescent\/","url":"https:\/\/baebeauty.azdigi.shop\/index.php\/san-pham\/dior-forever-nude-radiant-filter-00-luminescent\/","name":"Dior Forever Nude Radiant Filter 00 Luminescent \u2013 Ph\u1ea5n Ph\u1ee7 Trong Su\u1ed1t - baebeauty","isPartOf":{"@id":"https:\/\/baebeauty.azdigi.shop\/#website"},"primaryImageOfPage":{"@id":"https:\/\/baebeauty.azdigi.shop\/index.php\/san-pham\/dior-forever-nude-radiant-filter-00-luminescent\/#primaryimage"},"image":{"@id":"https:\/\/baebeauty.azdigi.shop\/index.php\/san-pham\/dior-forever-nude-radiant-filter-00-luminescent\/#primaryimage"},"thumbnailUrl":"https:\/\/baebeauty.azdigi.shop\/wp-content\/uploads\/2026\/03\/phan-phu-dior-forever-nude-radiant-filter-tone-00-luminescent-6925302be3519-25112025112723.webp","datePublished":"2026-03-16T14:20:47+00:00","dateModified":"2026-04-04T04:27:35+00:00","description":"Ph\u1ea5n ph\u1ee7 Dior Forever Nude Radiant Filter 00 Luminescent gi\u00fap l\u00e0m m\u1ecbn da, t\u1ea1o hi\u1ec7u \u1ee9ng filter t\u1ef1 nhi\u00ean, c\u1ed1 \u0111\u1ecbnh l\u1edbp trang \u0111i\u1ec3m v\u00e0 ki\u1ec3m so\u00e1t d\u1ea7u hi\u1ec7u qu\u1ea3.","breadcrumb":{"@id":"https:\/\/baebeauty.azdigi.shop\/index.php\/san-pham\/dior-forever-nude-radiant-filter-00-luminescent\/#breadcrumb"},"inLanguage":"vi","potentialAction":[{"@type":"ReadAction","target":["https:\/\/baebeauty.azdigi.shop\/index.php\/san-pham\/dior-forever-nude-radiant-filter-00-luminescent\/"]}]},{"@type":"ImageObject","inLanguage":"vi","@id":"https:\/\/baebeauty.azdigi.shop\/index.php\/san-pham\/dior-forever-nude-radiant-filter-00-luminescent\/#primaryimage","url":"https:\/\/baebeauty.azdigi.shop\/wp-content\/uploads\/2026\/03\/phan-phu-dior-forever-nude-radiant-filter-tone-00-luminescent-6925302be3519-25112025112723.webp","contentUrl":"https:\/\/baebeauty.azdigi.shop\/wp-content\/uploads\/2026\/03\/phan-phu-dior-forever-nude-radiant-filter-tone-00-luminescent-6925302be3519-25112025112723.webp","width":500,"height":500},{"@type":"BreadcrumbList","@id":"https:\/\/baebeauty.azdigi.shop\/index.php\/san-pham\/dior-forever-nude-radiant-filter-00-luminescent\/#breadcrumb","itemListElement":[{"@type":"ListItem","position":1,"name":"Trang ch\u1ee7","item":"https:\/\/baebeauty.azdigi.shop\/"},{"@type":"ListItem","position":2,"name":"C\u1eeda h\u00e0ng","item":"https:\/\/baebeauty.azdigi.shop\/index.php\/cua-hang\/"},{"@type":"ListItem","position":3,"name":"Dior Forever Nude Radiant Filter 00 Luminescent \u2013 Ph\u1ea5n Ph\u1ee7 Trong Su\u1ed1t"}]},{"@type":"WebSite","@id":"https:\/\/baebeauty.azdigi.shop\/#website","url":"https:\/\/baebeauty.azdigi.shop\/","name":"baebeauty","description":"","potentialAction":[{"@type":"SearchAction","target":{"@type":"EntryPoint","urlTemplate":"https:\/\/baebeauty.azdigi.shop\/?s={search_term_string}"},"query-input":{"@type":"PropertyValueSpecification","valueRequired":true,"valueName":"search_term_string"}}],"inLanguage":"vi"}]}},"_links":{"self":[{"href":"https:\/\/baebeauty.azdigi.shop\/index.php\/wp-json\/wp\/v2\/product\/306","targetHints":{"allow":["GET"]}}],"collection":[{"href":"https:\/\/baebeauty.azdigi.shop\/index.php\/wp-json\/wp\/v2\/product"}],"about":[{"href":"https:\/\/baebeauty.azdigi.shop\/index.php\/wp-json\/wp\/v2\/types\/product"}],"replies":[{"embeddable":true,"href":"https:\/\/baebeauty.azdigi.shop\/index.php\/wp-json\/wp\/v2\/comments?post=306"}],"wp:featuredmedia":[{"embeddable":true,"href":"https:\/\/baebeauty.azdigi.shop\/index.php\/wp-json\/wp\/v2\/media\/308"}],"wp:attachment":[{"href":"https:\/\/baebeauty.azdigi.shop\/index.php\/wp-json\/wp\/v2\/media?parent=306"}],"wp:term":[{"taxonomy":"product_brand","embeddable":true,"href":"https:\/\/baebeauty.azdigi.shop\/index.php\/wp-json\/wp\/v2\/product_brand?post=306"},{"taxonomy":"product_cat","embeddable":true,"href":"https:\/\/baebeauty.azdigi.shop\/index.php\/wp-json\/wp\/v2\/product_cat?post=306"},{"taxonomy":"product_tag","embeddable":true,"href":"https:\/\/baebeauty.azdigi.shop\/index.php\/wp-json\/wp\/v2\/product_tag?post=306"}],"curies":[{"name":"wp","href":"https:\/\/api.w.org\/{rel}","templated":true}]}}