{"id":311,"date":"2026-03-17T01:12:00","date_gmt":"2026-03-17T01:12:00","guid":{"rendered":"https:\/\/baebeauty.azdigi.shop\/?post_type=product&#038;p=311"},"modified":"2026-04-04T04:12:24","modified_gmt":"2026-04-04T04:12:24","slug":"phan-ma-hong-nars-powder-blush-777-orgasm","status":"publish","type":"product","link":"https:\/\/baebeauty.azdigi.shop\/index.php\/san-pham\/phan-ma-hong-nars-powder-blush-777-orgasm\/","title":{"rendered":"Ph\u1ea5n M\u00e1 H\u1ed3ng Nars Powder Blush"},"content":{"rendered":"<p data-start=\"902\" data-end=\"1149\"><strong data-start=\"902\" data-end=\"947\">Ph\u1ea5n m\u00e1 h\u1ed3ng NARS Powder Blush Orgasm<\/strong> l\u00e0 m\u1ed9t trong nh\u1eefng s\u1ea3n ph\u1ea9m makeup n\u1ed5i ti\u1ebfng v\u00e0 \u0111\u01b0\u1ee3c y\u00eau th\u00edch tr\u00ean to\u00e0n th\u1ebf gi\u1edbi. V\u1edbi s\u1eafc h\u1ed3ng cam nh\u1eb9 nh\u00e0ng k\u1ebft h\u1ee3p \u00e1nh nh\u0169 tinh t\u1ebf, s\u1ea3n ph\u1ea9m gi\u00fap g\u01b0\u01a1ng m\u1eb7t tr\u1edf n\u00ean t\u01b0\u01a1i t\u1eafn, r\u1ea1ng r\u1ee1 v\u00e0 \u0111\u1ea7y s\u1ee9c s\u1ed1ng.<\/p>\n<h2 data-section-id=\"dnyrd1\" data-start=\"1156\" data-end=\"1189\"><strong data-start=\"1159\" data-end=\"1189\">Th\u01b0\u01a1ng hi\u1ec7u NARS n\u1ed5i ti\u1ebfng<\/strong><\/h2>\n<p data-start=\"1191\" data-end=\"1488\">NARS l\u00e0 th\u01b0\u01a1ng hi\u1ec7u m\u1ef9 ph\u1ea9m cao c\u1ea5p thu\u1ed9c t\u1eadp \u0111o\u00e0n Shiseido, \u0111\u01b0\u1ee3c s\u00e1ng l\u1eadp b\u1edfi chuy\u00ean gia trang \u0111i\u1ec3m n\u1ed5i ti\u1ebfng Fran\u00e7ois Nars. Th\u01b0\u01a1ng hi\u1ec7u b\u1eaft \u0111\u1ea7u v\u1edbi 12 th\u1ecfi son \u0111\u01b0\u1ee3c b\u00e1n t\u1ea1i Barneys New York v\u00e0 nhanh ch\u00f3ng chinh ph\u1ee5c th\u1ecb tr\u01b0\u1eddng b\u1eb1ng nh\u1eefng s\u1ea3n ph\u1ea9m ch\u1ea5t l\u01b0\u1ee3ng cao c\u00f9ng thi\u1ebft k\u1ebf t\u1ed1i gi\u1ea3n \u0111\u1eb7c tr\u01b0ng.<\/p>\n<p data-start=\"1191\" data-end=\"1488\"><img loading=\"lazy\" decoding=\"async\" class=\"aligncenter\" src=\"https:\/\/cdn.vuahanghieu.com\/unsafe\/0x0\/left\/top\/smart\/filters:quality(90)\/https:\/\/admin.vuahanghieu.com\/upload\/news\/content\/2022\/04\/store-event1-spitalfields-jpg-16-jpg-1649405956-08042022151916.jpg\" alt=\"ph\u1ea5n m\u00e1 h\u1ed3ng nars orgasm 777\" width=\"600\" height=\"400\" \/><\/p>\n<p data-start=\"1490\" data-end=\"1630\">Trong \u0111\u00f3, <strong data-start=\"1500\" data-end=\"1528\">ph\u1ea5n m\u00e1 h\u1ed3ng NARS Orgasm<\/strong> l\u00e0 d\u00f2ng s\u1ea3n ph\u1ea9m b\u00e1n ch\u1ea1y nh\u1ea5t c\u1ee7a h\u00e3ng, n\u1ed5i ti\u1ebfng v\u1edbi t\u00f4ng m\u00e0u d\u1ec5 d\u00f9ng v\u00e0 ph\u00f9 h\u1ee3p v\u1edbi nhi\u1ec1u t\u00f4ng da.<\/p>\n<h2 data-section-id=\"utfp39\" data-start=\"1637\" data-end=\"1694\"><strong data-start=\"1640\" data-end=\"1694\">Thi\u1ebft k\u1ebf ph\u1ea5n m\u00e1 h\u1ed3ng NARS Powder Blush Orgasm<\/strong><\/h2>\n<p data-start=\"1696\" data-end=\"1967\">Ph\u1ea5n m\u00e1 h\u1ed3ng NARS Powder Blush 777 Orgasm c\u00f3 thi\u1ebft k\u1ebf nh\u1ecf g\u1ecdn, ti\u1ec7n l\u1ee3i \u0111\u1ec3 mang theo khi \u0111i l\u00e0m ho\u1eb7c \u0111i du l\u1ecbch. V\u1ecf h\u1ed9p m\u00e0u \u0111en l\u00ec \u0111\u1eb7c tr\u01b0ng c\u1ee7a NARS mang l\u1ea1i c\u1ea3m gi\u00e1c sang tr\u1ecdng v\u00e0 hi\u1ec7n \u0111\u1ea1i. B\u00ean trong l\u00e0 l\u1edbp ph\u1ea5n m\u00e1 h\u1ed3ng v\u1edbi gam m\u00e0u t\u01b0\u01a1i t\u1eafn gi\u00fap g\u01b0\u01a1ng m\u1eb7t th\u00eam r\u1ea1ng r\u1ee1.<\/p>\n<p data-start=\"1696\" data-end=\"1967\"><img loading=\"lazy\" decoding=\"async\" class=\"wp-image-315 size-medium aligncenter\" src=\"https:\/\/baebeauty.azdigi.shop\/wp-content\/uploads\/2026\/03\/phan-ma-hong-nars-powder-blush-777-orgasm-mau-hong-cam-4-8g-67f8c47c4eb8c-11042025142756-300x300.webp\" alt=\"ph\u1ea5n m\u00e1 h\u1ed3ng nars orgasm 777\" width=\"300\" height=\"300\" srcset=\"https:\/\/baebeauty.azdigi.shop\/wp-content\/uploads\/2026\/03\/phan-ma-hong-nars-powder-blush-777-orgasm-mau-hong-cam-4-8g-67f8c47c4eb8c-11042025142756-300x300.webp 300w, https:\/\/baebeauty.azdigi.shop\/wp-content\/uploads\/2026\/03\/phan-ma-hong-nars-powder-blush-777-orgasm-mau-hong-cam-4-8g-67f8c47c4eb8c-11042025142756-150x150.webp 150w, https:\/\/baebeauty.azdigi.shop\/wp-content\/uploads\/2026\/03\/phan-ma-hong-nars-powder-blush-777-orgasm-mau-hong-cam-4-8g-67f8c47c4eb8c-11042025142756-768x768.webp 768w, https:\/\/baebeauty.azdigi.shop\/wp-content\/uploads\/2026\/03\/phan-ma-hong-nars-powder-blush-777-orgasm-mau-hong-cam-4-8g-67f8c47c4eb8c-11042025142756-600x600.webp 600w, https:\/\/baebeauty.azdigi.shop\/wp-content\/uploads\/2026\/03\/phan-ma-hong-nars-powder-blush-777-orgasm-mau-hong-cam-4-8g-67f8c47c4eb8c-11042025142756-100x100.webp 100w, https:\/\/baebeauty.azdigi.shop\/wp-content\/uploads\/2026\/03\/phan-ma-hong-nars-powder-blush-777-orgasm-mau-hong-cam-4-8g-67f8c47c4eb8c-11042025142756.webp 900w\" sizes=\"auto, (max-width: 300px) 100vw, 300px\" \/><\/p>\n<h2 data-section-id=\"1jg1bl2\" data-start=\"1974\" data-end=\"2034\"><strong data-start=\"1977\" data-end=\"2034\">\u01afu \u0111i\u1ec3m c\u1ee7a ph\u1ea5n m\u00e1 h\u1ed3ng NARS Powder Blush 777 Orgasm<\/strong><\/h2>\n<ul data-start=\"2036\" data-end=\"2414\">\n<li data-section-id=\"nqmzz3\" data-start=\"2036\" data-end=\"2122\">\n<p data-start=\"2038\" data-end=\"2122\"><strong data-start=\"2038\" data-end=\"2059\">M\u00e0u s\u1eafc t\u1ef1 nhi\u00ean:<\/strong> T\u00f4ng h\u1ed3ng cam nh\u1eb9 nh\u00e0ng ph\u00f9 h\u1ee3p nhi\u1ec1u phong c\u00e1ch trang \u0111i\u1ec3m.<\/p>\n<\/li>\n<li data-section-id=\"1ec3q3t\" data-start=\"2123\" data-end=\"2196\">\n<p data-start=\"2125\" data-end=\"2196\"><strong data-start=\"2125\" data-end=\"2147\">Ch\u1ea5t ph\u1ea5n m\u1ec1m m\u1ecbn:<\/strong> D\u1ec5 t\u00e1n, kh\u00f4ng g\u00e2y b\u1ed9t v\u00e0 ti\u1ec7p v\u00e0o da t\u1ef1 nhi\u00ean.<\/p>\n<\/li>\n<li data-section-id=\"1ak3ng2\" data-start=\"2197\" data-end=\"2254\">\n<p data-start=\"2199\" data-end=\"2254\"><strong data-start=\"2199\" data-end=\"2218\">\u0110\u1ed9 b\u00e1m m\u00e0u l\u00e2u:<\/strong> Gi\u1eef m\u00e0u t\u1ed1t trong nhi\u1ec1u gi\u1edd li\u1ec1n.<\/p>\n<\/li>\n<li data-section-id=\"s9jrc\" data-start=\"2255\" data-end=\"2340\">\n<p data-start=\"2257\" data-end=\"2340\"><strong data-start=\"2257\" data-end=\"2284\">Gi\u00fap g\u01b0\u01a1ng m\u1eb7t r\u1ea1ng r\u1ee1:<\/strong> T\u1ea1o \u0111i\u1ec3m nh\u1ea5n cho g\u00f2 m\u00e1, gi\u00fap khu\u00f4n m\u1eb7t t\u01b0\u01a1i t\u1eafn h\u01a1n.<\/p>\n<\/li>\n<li data-section-id=\"oxsdde\" data-start=\"2341\" data-end=\"2414\">\n<p data-start=\"2343\" data-end=\"2414\"><strong data-start=\"2343\" data-end=\"2365\">Ph\u00f9 h\u1ee3p nhi\u1ec1u d\u1ecbp:<\/strong> C\u00f3 th\u1ec3 d\u00f9ng khi \u0111i l\u00e0m, \u0111i ch\u01a1i ho\u1eb7c d\u1ef1 s\u1ef1 ki\u1ec7n.<\/p>\n<\/li>\n<\/ul>\n<p><img loading=\"lazy\" decoding=\"async\" class=\"wp-image-312 size-medium aligncenter\" src=\"https:\/\/baebeauty.azdigi.shop\/wp-content\/uploads\/2026\/03\/phan-ma-hong-nars-powder-blush-777-orgasm-mau-hong-cam-4-8g-67f8c47c4d5a1-11042025142756-300x300.webp\" alt=\"ph\u1ea5n m\u00e1 h\u1ed3ng nars orgasm 777\" width=\"300\" height=\"300\" srcset=\"https:\/\/baebeauty.azdigi.shop\/wp-content\/uploads\/2026\/03\/phan-ma-hong-nars-powder-blush-777-orgasm-mau-hong-cam-4-8g-67f8c47c4d5a1-11042025142756-300x300.webp 300w, https:\/\/baebeauty.azdigi.shop\/wp-content\/uploads\/2026\/03\/phan-ma-hong-nars-powder-blush-777-orgasm-mau-hong-cam-4-8g-67f8c47c4d5a1-11042025142756-150x150.webp 150w, https:\/\/baebeauty.azdigi.shop\/wp-content\/uploads\/2026\/03\/phan-ma-hong-nars-powder-blush-777-orgasm-mau-hong-cam-4-8g-67f8c47c4d5a1-11042025142756-100x100.webp 100w, https:\/\/baebeauty.azdigi.shop\/wp-content\/uploads\/2026\/03\/phan-ma-hong-nars-powder-blush-777-orgasm-mau-hong-cam-4-8g-67f8c47c4d5a1-11042025142756.webp 500w\" sizes=\"auto, (max-width: 300px) 100vw, 300px\" \/><\/p>\n<h2 data-section-id=\"xu1ckw\" data-start=\"2421\" data-end=\"2482\"><strong data-start=\"2424\" data-end=\"2482\">C\u00e1ch s\u1eed d\u1ee5ng ph\u1ea5n m\u00e1 h\u1ed3ng NARS Powder Blush 777 Orgasm<\/strong><\/h2>\n<p data-start=\"2484\" data-end=\"2532\"><strong data-start=\"2484\" data-end=\"2495\">B\u01b0\u1edbc 1:<\/strong> D\u00f9ng c\u1ecd l\u1ea5y m\u1ed9t l\u01b0\u1ee3ng ph\u1ea5n v\u1eeba \u0111\u1ee7.<\/p>\n<p data-start=\"2534\" data-end=\"2608\"><strong data-start=\"2534\" data-end=\"2545\">B\u01b0\u1edbc 2:<\/strong> T\u00e1n nh\u1eb9 l\u00ean g\u00f2 m\u00e1 theo h\u01b0\u1edbng t\u1eeb tai v\u00e0o trung t\u00e2m khu\u00f4n m\u1eb7t.<\/p>\n<p data-start=\"2610\" data-end=\"2679\"><strong data-start=\"2610\" data-end=\"2621\">B\u01b0\u1edbc 3:<\/strong> C\u00f3 th\u1ec3 d\u1eb7m th\u00eam \u0111\u1ec3 t\u0103ng \u0111\u1ed9 \u0111\u1eadm ho\u1eb7c t\u1ea1o hi\u1ec7u \u1ee9ng r\u1ea1ng r\u1ee1.<\/p>\n<h2 data-section-id=\"1bzgw74\" data-start=\"2686\" data-end=\"2710\"><strong data-start=\"2689\" data-end=\"2710\">B\u1ea3o qu\u1ea3n s\u1ea3n ph\u1ea9m<\/strong><\/h2>\n<ul data-start=\"2712\" data-end=\"2827\">\n<li data-section-id=\"1o9oxwq\" data-start=\"2712\" data-end=\"2754\">\n<p data-start=\"2714\" data-end=\"2754\">\u0110\u1ec3 s\u1ea3n ph\u1ea9m \u1edf n\u01a1i kh\u00f4 r\u00e1o, tho\u00e1ng m\u00e1t.<\/p>\n<\/li>\n<li data-section-id=\"1xjnpn1\" data-start=\"2755\" data-end=\"2796\">\n<p data-start=\"2757\" data-end=\"2796\">Tr\u00e1nh \u00e1nh n\u1eafng tr\u1ef1c ti\u1ebfp t\u1eeb m\u1eb7t tr\u1eddi.<\/p>\n<\/li>\n<li data-section-id=\"1wxaov4\" data-start=\"2797\" data-end=\"2827\">\n<p data-start=\"2799\" data-end=\"2827\">\u0110\u1eady k\u00edn n\u1eafp sau khi s\u1eed d\u1ee5ng.<\/p>\n<\/li>\n<\/ul>\n","protected":false},"excerpt":{"rendered":"<p><strong data-start=\"301\" data-end=\"346\">Ph\u1ea5n m\u00e1 h\u1ed3ng Nars Powder Blush 777 Orgasm<\/strong> s\u1edf h\u1eefu t\u00f4ng <strong data-start=\"359\" data-end=\"383\">h\u1ed3ng cam \u00e1nh nh\u0169 nh\u1eb9<\/strong> n\u1ed5i ti\u1ebfng gi\u00fap g\u01b0\u01a1ng m\u1eb7t r\u1ea1ng r\u1ee1, tr\u1ebb trung. Ch\u1ea5t ph\u1ea5n m\u1ecbn, d\u1ec5 t\u00e1n, b\u00e1m m\u00e0u l\u00e2u v\u00e0 ph\u00f9 h\u1ee3p v\u1edbi nhi\u1ec1u phong c\u00e1ch trang \u0111i\u1ec3m t\u1eeb t\u1ef1 nhi\u00ean \u0111\u1ebfn quy\u1ebfn r\u0169.<\/p>\n","protected":false},"featured_media":313,"comment_status":"open","ping_status":"closed","template":"","meta":[],"product_brand":[44],"product_cat":[88],"product_tag":[93,91,90,95,94,92,89],"class_list":{"0":"post-311","1":"product","2":"type-product","3":"status-publish","4":"has-post-thumbnail","6":"product_brand-nars","7":"product_cat-ma-hong","8":"product_tag-makeup-chinh-hang","9":"product_tag-nars-blush-777","10":"product_tag-nars-orgasm","11":"product_tag-nars-powder-blush","12":"product_tag-phan-ma-hong-cam","13":"product_tag-phan-ma-hong-cao-cap","14":"product_tag-phan-ma-nars","16":"first","17":"instock","18":"sale","19":"shipping-taxable","20":"purchasable","21":"product-type-variable"},"yoast_head":"<!-- This site is optimized with the Yoast SEO plugin v27.1.1 - https:\/\/yoast.com\/product\/yoast-seo-wordpress\/ -->\n<title>Ph\u1ea5n M\u00e1 H\u1ed3ng Nars Powder Blush - baebeauty<\/title>\n<meta name=\"description\" content=\"Ph\u1ea5n m\u00e1 h\u1ed3ng NARS Powder Blush 777 Orgasm n\u1ed5i b\u1eadt v\u1edbi s\u1eafc h\u1ed3ng cam t\u1ef1 nhi\u00ean, ch\u1ea5t ph\u1ea5n m\u1ec1m m\u1ecbn, l\u00e2u tr\u00f4i, ph\u00f9 h\u1ee3p m\u1ecdi phong c\u00e1ch makeup.\" \/>\n<meta name=\"robots\" content=\"index, follow, max-snippet:-1, max-image-preview:large, max-video-preview:-1\" \/>\n<link rel=\"canonical\" href=\"https:\/\/baebeauty.azdigi.shop\/index.php\/san-pham\/phan-ma-hong-nars-powder-blush-777-orgasm\/\" \/>\n<meta property=\"og:locale\" content=\"vi_VN\" \/>\n<meta property=\"og:type\" content=\"article\" \/>\n<meta property=\"og:title\" content=\"Ph\u1ea5n M\u00e1 H\u1ed3ng Nars Powder Blush - baebeauty\" \/>\n<meta property=\"og:description\" content=\"Ph\u1ea5n m\u00e1 h\u1ed3ng NARS Powder Blush 777 Orgasm n\u1ed5i b\u1eadt v\u1edbi s\u1eafc h\u1ed3ng cam t\u1ef1 nhi\u00ean, ch\u1ea5t ph\u1ea5n m\u1ec1m m\u1ecbn, l\u00e2u tr\u00f4i, ph\u00f9 h\u1ee3p m\u1ecdi phong c\u00e1ch makeup.\" \/>\n<meta property=\"og:url\" content=\"https:\/\/baebeauty.azdigi.shop\/index.php\/san-pham\/phan-ma-hong-nars-powder-blush-777-orgasm\/\" \/>\n<meta property=\"og:site_name\" content=\"baebeauty\" \/>\n<meta property=\"article:modified_time\" content=\"2026-04-04T04:12:24+00:00\" \/>\n<meta property=\"og:image\" content=\"https:\/\/baebeauty.azdigi.shop\/wp-content\/uploads\/2026\/03\/phan-ma-hong-nars-powder-blush-777-orgasm-mau-hong-cam-4-8g-67f8c47c4dc29-11042025142756.webp\" \/>\n\t<meta property=\"og:image:width\" content=\"900\" \/>\n\t<meta property=\"og:image:height\" content=\"900\" \/>\n\t<meta property=\"og:image:type\" content=\"image\/webp\" \/>\n<meta name=\"twitter:card\" content=\"summary_large_image\" \/>\n<meta name=\"twitter:label1\" content=\"\u01af\u1edbc t\u00ednh th\u1eddi gian \u0111\u1ecdc\" \/>\n\t<meta name=\"twitter:data1\" content=\"3 ph\u00fat\" \/>\n<script type=\"application\/ld+json\" class=\"yoast-schema-graph\">{\"@context\":\"https:\/\/schema.org\",\"@graph\":[{\"@type\":\"WebPage\",\"@id\":\"https:\/\/baebeauty.azdigi.shop\/index.php\/san-pham\/phan-ma-hong-nars-powder-blush-777-orgasm\/\",\"url\":\"https:\/\/baebeauty.azdigi.shop\/index.php\/san-pham\/phan-ma-hong-nars-powder-blush-777-orgasm\/\",\"name\":\"Ph\u1ea5n M\u00e1 H\u1ed3ng Nars Powder Blush - baebeauty\",\"isPartOf\":{\"@id\":\"https:\/\/baebeauty.azdigi.shop\/#website\"},\"primaryImageOfPage\":{\"@id\":\"https:\/\/baebeauty.azdigi.shop\/index.php\/san-pham\/phan-ma-hong-nars-powder-blush-777-orgasm\/#primaryimage\"},\"image\":{\"@id\":\"https:\/\/baebeauty.azdigi.shop\/index.php\/san-pham\/phan-ma-hong-nars-powder-blush-777-orgasm\/#primaryimage\"},\"thumbnailUrl\":\"https:\/\/baebeauty.azdigi.shop\/wp-content\/uploads\/2026\/03\/phan-ma-hong-nars-powder-blush-777-orgasm-mau-hong-cam-4-8g-67f8c47c4dc29-11042025142756.webp\",\"datePublished\":\"2026-03-17T01:12:00+00:00\",\"dateModified\":\"2026-04-04T04:12:24+00:00\",\"description\":\"Ph\u1ea5n m\u00e1 h\u1ed3ng NARS Powder Blush 777 Orgasm n\u1ed5i b\u1eadt v\u1edbi s\u1eafc h\u1ed3ng cam t\u1ef1 nhi\u00ean, ch\u1ea5t ph\u1ea5n m\u1ec1m m\u1ecbn, l\u00e2u tr\u00f4i, ph\u00f9 h\u1ee3p m\u1ecdi phong c\u00e1ch makeup.\",\"breadcrumb\":{\"@id\":\"https:\/\/baebeauty.azdigi.shop\/index.php\/san-pham\/phan-ma-hong-nars-powder-blush-777-orgasm\/#breadcrumb\"},\"inLanguage\":\"vi\",\"potentialAction\":[{\"@type\":\"ReadAction\",\"target\":[\"https:\/\/baebeauty.azdigi.shop\/index.php\/san-pham\/phan-ma-hong-nars-powder-blush-777-orgasm\/\"]}]},{\"@type\":\"ImageObject\",\"inLanguage\":\"vi\",\"@id\":\"https:\/\/baebeauty.azdigi.shop\/index.php\/san-pham\/phan-ma-hong-nars-powder-blush-777-orgasm\/#primaryimage\",\"url\":\"https:\/\/baebeauty.azdigi.shop\/wp-content\/uploads\/2026\/03\/phan-ma-hong-nars-powder-blush-777-orgasm-mau-hong-cam-4-8g-67f8c47c4dc29-11042025142756.webp\",\"contentUrl\":\"https:\/\/baebeauty.azdigi.shop\/wp-content\/uploads\/2026\/03\/phan-ma-hong-nars-powder-blush-777-orgasm-mau-hong-cam-4-8g-67f8c47c4dc29-11042025142756.webp\",\"width\":900,\"height\":900},{\"@type\":\"BreadcrumbList\",\"@id\":\"https:\/\/baebeauty.azdigi.shop\/index.php\/san-pham\/phan-ma-hong-nars-powder-blush-777-orgasm\/#breadcrumb\",\"itemListElement\":[{\"@type\":\"ListItem\",\"position\":1,\"name\":\"Trang ch\u1ee7\",\"item\":\"https:\/\/baebeauty.azdigi.shop\/\"},{\"@type\":\"ListItem\",\"position\":2,\"name\":\"C\u1eeda h\u00e0ng\",\"item\":\"https:\/\/baebeauty.azdigi.shop\/index.php\/cua-hang\/\"},{\"@type\":\"ListItem\",\"position\":3,\"name\":\"Ph\u1ea5n M\u00e1 H\u1ed3ng Nars Powder Blush\"}]},{\"@type\":\"WebSite\",\"@id\":\"https:\/\/baebeauty.azdigi.shop\/#website\",\"url\":\"https:\/\/baebeauty.azdigi.shop\/\",\"name\":\"baebeauty\",\"description\":\"\",\"potentialAction\":[{\"@type\":\"SearchAction\",\"target\":{\"@type\":\"EntryPoint\",\"urlTemplate\":\"https:\/\/baebeauty.azdigi.shop\/?s={search_term_string}\"},\"query-input\":{\"@type\":\"PropertyValueSpecification\",\"valueRequired\":true,\"valueName\":\"search_term_string\"}}],\"inLanguage\":\"vi\"}]}<\/script>\n<!-- \/ Yoast SEO plugin. -->","yoast_head_json":{"title":"Ph\u1ea5n M\u00e1 H\u1ed3ng Nars Powder Blush - baebeauty","description":"Ph\u1ea5n m\u00e1 h\u1ed3ng NARS Powder Blush 777 Orgasm n\u1ed5i b\u1eadt v\u1edbi s\u1eafc h\u1ed3ng cam t\u1ef1 nhi\u00ean, ch\u1ea5t ph\u1ea5n m\u1ec1m m\u1ecbn, l\u00e2u tr\u00f4i, ph\u00f9 h\u1ee3p m\u1ecdi phong c\u00e1ch makeup.","robots":{"index":"index","follow":"follow","max-snippet":"max-snippet:-1","max-image-preview":"max-image-preview:large","max-video-preview":"max-video-preview:-1"},"canonical":"https:\/\/baebeauty.azdigi.shop\/index.php\/san-pham\/phan-ma-hong-nars-powder-blush-777-orgasm\/","og_locale":"vi_VN","og_type":"article","og_title":"Ph\u1ea5n M\u00e1 H\u1ed3ng Nars Powder Blush - baebeauty","og_description":"Ph\u1ea5n m\u00e1 h\u1ed3ng NARS Powder Blush 777 Orgasm n\u1ed5i b\u1eadt v\u1edbi s\u1eafc h\u1ed3ng cam t\u1ef1 nhi\u00ean, ch\u1ea5t ph\u1ea5n m\u1ec1m m\u1ecbn, l\u00e2u tr\u00f4i, ph\u00f9 h\u1ee3p m\u1ecdi phong c\u00e1ch makeup.","og_url":"https:\/\/baebeauty.azdigi.shop\/index.php\/san-pham\/phan-ma-hong-nars-powder-blush-777-orgasm\/","og_site_name":"baebeauty","article_modified_time":"2026-04-04T04:12:24+00:00","og_image":[{"width":900,"height":900,"url":"https:\/\/baebeauty.azdigi.shop\/wp-content\/uploads\/2026\/03\/phan-ma-hong-nars-powder-blush-777-orgasm-mau-hong-cam-4-8g-67f8c47c4dc29-11042025142756.webp","type":"image\/webp"}],"twitter_card":"summary_large_image","twitter_misc":{"\u01af\u1edbc t\u00ednh th\u1eddi gian \u0111\u1ecdc":"3 ph\u00fat"},"schema":{"@context":"https:\/\/schema.org","@graph":[{"@type":"WebPage","@id":"https:\/\/baebeauty.azdigi.shop\/index.php\/san-pham\/phan-ma-hong-nars-powder-blush-777-orgasm\/","url":"https:\/\/baebeauty.azdigi.shop\/index.php\/san-pham\/phan-ma-hong-nars-powder-blush-777-orgasm\/","name":"Ph\u1ea5n M\u00e1 H\u1ed3ng Nars Powder Blush - baebeauty","isPartOf":{"@id":"https:\/\/baebeauty.azdigi.shop\/#website"},"primaryImageOfPage":{"@id":"https:\/\/baebeauty.azdigi.shop\/index.php\/san-pham\/phan-ma-hong-nars-powder-blush-777-orgasm\/#primaryimage"},"image":{"@id":"https:\/\/baebeauty.azdigi.shop\/index.php\/san-pham\/phan-ma-hong-nars-powder-blush-777-orgasm\/#primaryimage"},"thumbnailUrl":"https:\/\/baebeauty.azdigi.shop\/wp-content\/uploads\/2026\/03\/phan-ma-hong-nars-powder-blush-777-orgasm-mau-hong-cam-4-8g-67f8c47c4dc29-11042025142756.webp","datePublished":"2026-03-17T01:12:00+00:00","dateModified":"2026-04-04T04:12:24+00:00","description":"Ph\u1ea5n m\u00e1 h\u1ed3ng NARS Powder Blush 777 Orgasm n\u1ed5i b\u1eadt v\u1edbi s\u1eafc h\u1ed3ng cam t\u1ef1 nhi\u00ean, ch\u1ea5t ph\u1ea5n m\u1ec1m m\u1ecbn, l\u00e2u tr\u00f4i, ph\u00f9 h\u1ee3p m\u1ecdi phong c\u00e1ch makeup.","breadcrumb":{"@id":"https:\/\/baebeauty.azdigi.shop\/index.php\/san-pham\/phan-ma-hong-nars-powder-blush-777-orgasm\/#breadcrumb"},"inLanguage":"vi","potentialAction":[{"@type":"ReadAction","target":["https:\/\/baebeauty.azdigi.shop\/index.php\/san-pham\/phan-ma-hong-nars-powder-blush-777-orgasm\/"]}]},{"@type":"ImageObject","inLanguage":"vi","@id":"https:\/\/baebeauty.azdigi.shop\/index.php\/san-pham\/phan-ma-hong-nars-powder-blush-777-orgasm\/#primaryimage","url":"https:\/\/baebeauty.azdigi.shop\/wp-content\/uploads\/2026\/03\/phan-ma-hong-nars-powder-blush-777-orgasm-mau-hong-cam-4-8g-67f8c47c4dc29-11042025142756.webp","contentUrl":"https:\/\/baebeauty.azdigi.shop\/wp-content\/uploads\/2026\/03\/phan-ma-hong-nars-powder-blush-777-orgasm-mau-hong-cam-4-8g-67f8c47c4dc29-11042025142756.webp","width":900,"height":900},{"@type":"BreadcrumbList","@id":"https:\/\/baebeauty.azdigi.shop\/index.php\/san-pham\/phan-ma-hong-nars-powder-blush-777-orgasm\/#breadcrumb","itemListElement":[{"@type":"ListItem","position":1,"name":"Trang ch\u1ee7","item":"https:\/\/baebeauty.azdigi.shop\/"},{"@type":"ListItem","position":2,"name":"C\u1eeda h\u00e0ng","item":"https:\/\/baebeauty.azdigi.shop\/index.php\/cua-hang\/"},{"@type":"ListItem","position":3,"name":"Ph\u1ea5n M\u00e1 H\u1ed3ng Nars Powder Blush"}]},{"@type":"WebSite","@id":"https:\/\/baebeauty.azdigi.shop\/#website","url":"https:\/\/baebeauty.azdigi.shop\/","name":"baebeauty","description":"","potentialAction":[{"@type":"SearchAction","target":{"@type":"EntryPoint","urlTemplate":"https:\/\/baebeauty.azdigi.shop\/?s={search_term_string}"},"query-input":{"@type":"PropertyValueSpecification","valueRequired":true,"valueName":"search_term_string"}}],"inLanguage":"vi"}]}},"_links":{"self":[{"href":"https:\/\/baebeauty.azdigi.shop\/index.php\/wp-json\/wp\/v2\/product\/311","targetHints":{"allow":["GET"]}}],"collection":[{"href":"https:\/\/baebeauty.azdigi.shop\/index.php\/wp-json\/wp\/v2\/product"}],"about":[{"href":"https:\/\/baebeauty.azdigi.shop\/index.php\/wp-json\/wp\/v2\/types\/product"}],"replies":[{"embeddable":true,"href":"https:\/\/baebeauty.azdigi.shop\/index.php\/wp-json\/wp\/v2\/comments?post=311"}],"wp:featuredmedia":[{"embeddable":true,"href":"https:\/\/baebeauty.azdigi.shop\/index.php\/wp-json\/wp\/v2\/media\/313"}],"wp:attachment":[{"href":"https:\/\/baebeauty.azdigi.shop\/index.php\/wp-json\/wp\/v2\/media?parent=311"}],"wp:term":[{"taxonomy":"product_brand","embeddable":true,"href":"https:\/\/baebeauty.azdigi.shop\/index.php\/wp-json\/wp\/v2\/product_brand?post=311"},{"taxonomy":"product_cat","embeddable":true,"href":"https:\/\/baebeauty.azdigi.shop\/index.php\/wp-json\/wp\/v2\/product_cat?post=311"},{"taxonomy":"product_tag","embeddable":true,"href":"https:\/\/baebeauty.azdigi.shop\/index.php\/wp-json\/wp\/v2\/product_tag?post=311"}],"curies":[{"name":"wp","href":"https:\/\/api.w.org\/{rel}","templated":true}]}}