{"id":332,"date":"2026-03-19T08:23:55","date_gmt":"2026-03-19T08:23:55","guid":{"rendered":"https:\/\/baebeauty.azdigi.shop\/?post_type=product&#038;p=332"},"modified":"2026-04-05T03:01:19","modified_gmt":"2026-04-05T03:01:19","slug":"phan-bat-sang-va-tao-khoi-dior-backstage-glow-maximizer-palette-002-frosted-opal-glow-10g","status":"publish","type":"product","link":"https:\/\/baebeauty.azdigi.shop\/index.php\/san-pham\/phan-bat-sang-va-tao-khoi-dior-backstage-glow-maximizer-palette-002-frosted-opal-glow-10g\/","title":{"rendered":"Ph\u1ea5n B\u1eaft S\u00e1ng V\u00e0 T\u1ea1o Kh\u1ed1i Dior Backstage Glow Maximizer Palette 10g"},"content":{"rendered":"<p><strong>Ph\u1ea5n B\u1eaft S\u00e1ng V\u00e0 T\u1ea1o Kh\u1ed1i Dior Backstage Glow Maximizer Palette 002 Frosted Opal Glow\u00a0<\/strong>l\u00e0 s\u1ea3n ph\u1ea9m trang \u0111i\u1ec3m \u0111\u1ebfn t\u1eeb th\u01b0\u01a1ng hi\u1ec7u\u00a0<strong>Dior<\/strong>\u00a0n\u1ed5i ti\u1ebfng, \u0111\u01b0\u1ee3c c\u00e1c ch\u1ecb em \u01b0a chu\u1ed9ng v\u00e0 s\u1eed d\u1ee5ng. \u0110\u00fang nh\u01b0 t\u00ean g\u1ecdi, ph\u1ea5n t\u1ea1o kh\u1ed1i n\u00e0y s\u1ebd gi\u00fap ho\u00e0n thi\u1ec7n l\u1edbp makeup v\u00e0 tr\u1edf n\u00ean thu h\u00fat, n\u1ed5i b\u1eadt h\u01a1n.<\/p>\n<h2 data-section-id=\"28cz91\" data-start=\"587\" data-end=\"613\"><strong data-start=\"590\" data-end=\"613\">V\u1ec1 th\u01b0\u01a1ng hi\u1ec7u Dior<\/strong><\/h2>\n<p data-start=\"615\" data-end=\"869\"><span class=\"hover:entity-accent entity-underline inline cursor-pointer align-baseline\"><span class=\"whitespace-normal\">Christian Dior<\/span><\/span> \u0111\u01b0\u1ee3c th\u00e0nh l\u1eadp n\u0103m 1946 b\u1edfi nh\u00e0 thi\u1ebft k\u1ebf <span class=\"hover:entity-accent entity-underline inline cursor-pointer align-baseline\"><span class=\"whitespace-normal\">Christian Dior<\/span><\/span> t\u1ea1i Ph\u00e1p. \u0110\u00e2y l\u00e0 m\u1ed9t trong nh\u1eefng nh\u00e0 m\u1ed1t xa x\u1ec9 h\u00e0ng \u0111\u1ea7u th\u1ebf gi\u1edbi, n\u1ed5i ti\u1ebfng v\u1edbi phong c\u00e1ch Haute Couture tinh t\u1ebf, sang tr\u1ecdng v\u00e0 \u0111\u1eb3ng c\u1ea5p.<\/p>\n<p data-start=\"871\" data-end=\"1082\">Kh\u00f4ng ch\u1ec9 trong l\u0129nh v\u1ef1c th\u1eddi trang, Dior c\u00f2n ghi d\u1ea5u \u1ea5n m\u1ea1nh m\u1ebd v\u1edbi c\u00e1c d\u00f2ng m\u1ef9 ph\u1ea9m cao c\u1ea5p nh\u01b0 son m\u00f4i, n\u01b0\u1edbc hoa, kem n\u1ec1n v\u00e0 \u0111\u1eb7c bi\u1ec7t l\u00e0 c\u00e1c s\u1ea3n ph\u1ea9m trang \u0111i\u1ec3m chuy\u00ean nghi\u1ec7p \u0111\u01b0\u1ee3c gi\u1edbi makeup artist tin d\u00f9ng.<\/p>\n<p><img loading=\"lazy\" decoding=\"async\" class=\"aligncenter\" src=\"https:\/\/cdn.vuahanghieu.com\/unsafe\/0x0\/left\/top\/smart\/filters:quality(90)\/https:\/\/admin.vuahanghieu.com\/upload\/news\/content\/2024\/08\/feat-dior-lvmh-main-jpg-16171741-jpg-1723081050-08082024083730.jpg\" alt=\"phan-bat-sang-dior-backstage-glow-maximizer-002\" width=\"600\" height=\"400\" \/><\/p>\n<h2 data-section-id=\"60atzs\" data-start=\"1089\" data-end=\"1146\"><strong data-start=\"1092\" data-end=\"1146\">Thi\u1ebft k\u1ebf Dior Backstage Glow Maximizer Palette 002<\/strong><\/h2>\n<p data-start=\"1148\" data-end=\"1270\">B\u1ea3ng <strong data-start=\"1153\" data-end=\"1230\">ph\u1ea5n b\u1eaft s\u00e1ng Dior Backstage Glow Maximizer Palette 002 Frosted Opal Glow<\/strong> s\u1edf h\u1eefu thi\u1ebft k\u1ebf vu\u00f4ng nh\u1ecf g\u1ecdn, tinh t\u1ebf:<\/p>\n<ul data-start=\"1272\" data-end=\"1428\">\n<li data-section-id=\"7brmt9\" data-start=\"1272\" data-end=\"1309\">\n<p data-start=\"1274\" data-end=\"1309\">T\u00f4ng m\u00e0u b\u1ea1c sang tr\u1ecdng, hi\u1ec7n \u0111\u1ea1i<\/p>\n<\/li>\n<li data-section-id=\"1dg74ax\" data-start=\"1310\" data-end=\"1340\">\n<p data-start=\"1312\" data-end=\"1340\">Logo Dior n\u1ed5i b\u1eadt tr\u00ean n\u1eafp<\/p>\n<\/li>\n<li data-section-id=\"136gr01\" data-start=\"1341\" data-end=\"1377\">\n<p data-start=\"1343\" data-end=\"1377\">Thi\u1ebft k\u1ebf ch\u1eafc ch\u1eafn, d\u1ec5 mang theo<\/p>\n<\/li>\n<li data-section-id=\"18ow783\" data-start=\"1378\" data-end=\"1428\">\n<p data-start=\"1380\" data-end=\"1428\">Ph\u00f9 h\u1ee3p cho c\u1ea3 makeup c\u00e1 nh\u00e2n v\u00e0 chuy\u00ean nghi\u1ec7p<\/p>\n<\/li>\n<\/ul>\n<p data-start=\"1430\" data-end=\"1521\">S\u1ea3n ph\u1ea9m mang l\u1ea1i c\u1ea3m gi\u00e1c cao c\u1ea5p ngay t\u1eeb c\u00e1i nh\u00ecn \u0111\u1ea7u ti\u00ean, \u0111\u00fang chu\u1ea9n \u0111\u1eb3ng c\u1ea5p c\u1ee7a Dior.<\/p>\n<p data-start=\"1430\" data-end=\"1521\"><img loading=\"lazy\" decoding=\"async\" class=\"aligncenter wp-image-335 size-medium\" src=\"https:\/\/baebeauty.azdigi.shop\/wp-content\/uploads\/2026\/03\/phan-bat-sang-va-tao-khoi-dior-backstage-glow-maximizer-palette-002-frosted-opal-glow-10g-688d818e200f9-02082025101006-300x300.webp\" alt=\"phan-bat-sang-dior-backstage-glow-maximizer-002\" width=\"300\" height=\"300\" srcset=\"https:\/\/baebeauty.azdigi.shop\/wp-content\/uploads\/2026\/03\/phan-bat-sang-va-tao-khoi-dior-backstage-glow-maximizer-palette-002-frosted-opal-glow-10g-688d818e200f9-02082025101006-300x300.webp 300w, https:\/\/baebeauty.azdigi.shop\/wp-content\/uploads\/2026\/03\/phan-bat-sang-va-tao-khoi-dior-backstage-glow-maximizer-palette-002-frosted-opal-glow-10g-688d818e200f9-02082025101006-150x150.webp 150w, https:\/\/baebeauty.azdigi.shop\/wp-content\/uploads\/2026\/03\/phan-bat-sang-va-tao-khoi-dior-backstage-glow-maximizer-palette-002-frosted-opal-glow-10g-688d818e200f9-02082025101006-100x100.webp 100w, https:\/\/baebeauty.azdigi.shop\/wp-content\/uploads\/2026\/03\/phan-bat-sang-va-tao-khoi-dior-backstage-glow-maximizer-palette-002-frosted-opal-glow-10g-688d818e200f9-02082025101006.webp 500w\" sizes=\"auto, (max-width: 300px) 100vw, 300px\" \/><\/p>\n<h2 data-section-id=\"yfyc80\" data-start=\"1528\" data-end=\"1550\"><strong data-start=\"1531\" data-end=\"1550\">\u01afu \u0111i\u1ec3m n\u1ed5i b\u1eadt<\/strong><\/h2>\n<ul data-start=\"1552\" data-end=\"1930\">\n<li data-section-id=\"kag9li\" data-start=\"1552\" data-end=\"1630\">\n<p data-start=\"1554\" data-end=\"1630\"><strong data-start=\"1554\" data-end=\"1585\">Hi\u1ec7u \u1ee9ng b\u1eaft s\u00e1ng t\u1ef1 nhi\u00ean:<\/strong> Gi\u00fap l\u00e0n da r\u1ea1ng r\u1ee1, glow nh\u1eb9 kh\u00f4ng l\u1ed9 v\u00e2n<\/p>\n<\/li>\n<li data-section-id=\"1q6v7i4\" data-start=\"1631\" data-end=\"1696\">\n<p data-start=\"1633\" data-end=\"1696\"><strong data-start=\"1633\" data-end=\"1654\">T\u1ea1o kh\u1ed1i tinh t\u1ebf:<\/strong> T\u00f4n l\u00ean \u0111\u01b0\u1eddng n\u00e9t khu\u00f4n m\u1eb7t thanh tho\u00e1t<\/p>\n<\/li>\n<li data-section-id=\"7mfdv5\" data-start=\"1697\" data-end=\"1758\">\n<p data-start=\"1699\" data-end=\"1758\"><strong data-start=\"1699\" data-end=\"1723\">Ph\u00f9 h\u1ee3p m\u1ecdi lo\u1ea1i da:<\/strong> D\u1ec5 s\u1eed d\u1ee5ng cho c\u1ea3 da d\u1ea7u, da kh\u00f4<\/p>\n<\/li>\n<li data-section-id=\"44t5ji\" data-start=\"1759\" data-end=\"1808\">\n<p data-start=\"1761\" data-end=\"1808\"><strong data-start=\"1761\" data-end=\"1776\">\u0110\u1ed9 b\u00e1m t\u1ed1t:<\/strong> Gi\u1eef l\u1edbp makeup su\u1ed1t nhi\u1ec1u gi\u1edd<\/p>\n<\/li>\n<li data-section-id=\"17erz4w\" data-start=\"1809\" data-end=\"1863\">\n<p data-start=\"1811\" data-end=\"1863\"><strong data-start=\"1811\" data-end=\"1829\">Ch\u1ea5t ph\u1ea5n m\u1ecbn:<\/strong> D\u1ec5 t\u00e1n, kh\u00f4ng g\u00e2y d\u00e0y hay b\u00ed da<\/p>\n<\/li>\n<li data-section-id=\"1b4jvge\" data-start=\"1864\" data-end=\"1930\">\n<p data-start=\"1866\" data-end=\"1930\"><strong data-start=\"1866\" data-end=\"1878\">\u0110a n\u0103ng:<\/strong> D\u00f9ng cho g\u00f2 m\u00e1, s\u1ed1ng m\u0169i, nh\u00e2n trung, m\u00ed m\u1eaft, m\u00f4i<\/p>\n<\/li>\n<\/ul>\n<p><img loading=\"lazy\" decoding=\"async\" class=\"aligncenter wp-image-334 size-medium\" src=\"https:\/\/baebeauty.azdigi.shop\/wp-content\/uploads\/2026\/03\/phan-bat-sang-va-tao-khoi-dior-backstage-glow-maximizer-palette-002-frosted-opal-glow-10g-688d818e20ab9-02082025101006-300x300.webp\" alt=\"phan-bat-sang-dior-backstage-glow-maximizer-002\" width=\"300\" height=\"300\" srcset=\"https:\/\/baebeauty.azdigi.shop\/wp-content\/uploads\/2026\/03\/phan-bat-sang-va-tao-khoi-dior-backstage-glow-maximizer-palette-002-frosted-opal-glow-10g-688d818e20ab9-02082025101006-300x300.webp 300w, https:\/\/baebeauty.azdigi.shop\/wp-content\/uploads\/2026\/03\/phan-bat-sang-va-tao-khoi-dior-backstage-glow-maximizer-palette-002-frosted-opal-glow-10g-688d818e20ab9-02082025101006-150x150.webp 150w, https:\/\/baebeauty.azdigi.shop\/wp-content\/uploads\/2026\/03\/phan-bat-sang-va-tao-khoi-dior-backstage-glow-maximizer-palette-002-frosted-opal-glow-10g-688d818e20ab9-02082025101006-768x768.webp 768w, https:\/\/baebeauty.azdigi.shop\/wp-content\/uploads\/2026\/03\/phan-bat-sang-va-tao-khoi-dior-backstage-glow-maximizer-palette-002-frosted-opal-glow-10g-688d818e20ab9-02082025101006-600x600.webp 600w, https:\/\/baebeauty.azdigi.shop\/wp-content\/uploads\/2026\/03\/phan-bat-sang-va-tao-khoi-dior-backstage-glow-maximizer-palette-002-frosted-opal-glow-10g-688d818e20ab9-02082025101006-100x100.webp 100w, https:\/\/baebeauty.azdigi.shop\/wp-content\/uploads\/2026\/03\/phan-bat-sang-va-tao-khoi-dior-backstage-glow-maximizer-palette-002-frosted-opal-glow-10g-688d818e20ab9-02082025101006.webp 900w\" sizes=\"auto, (max-width: 300px) 100vw, 300px\" \/><\/p>\n<h2 data-section-id=\"acodkj\" data-start=\"1937\" data-end=\"1959\"><strong data-start=\"1940\" data-end=\"1959\">C\u00f4ng d\u1ee5ng ch\u00ednh<\/strong><\/h2>\n<ul data-start=\"2150\" data-end=\"2359\">\n<li data-section-id=\"1ymdj4v\" data-start=\"1961\" data-end=\"1994\">\n<p data-start=\"1963\" data-end=\"1994\">B\u1eaft s\u00e1ng v\u00f9ng g\u00f2 m\u00e1, s\u1ed1ng m\u0169i<\/p>\n<\/li>\n<li data-section-id=\"4hahn3\" data-start=\"1995\" data-end=\"2026\">\n<p data-start=\"1997\" data-end=\"2026\">T\u1ea1o \u0111i\u1ec3m nh\u1ea5n cho khu\u00f4n m\u1eb7t<\/p>\n<\/li>\n<li data-section-id=\"1pirq0h\" data-start=\"2027\" data-end=\"2078\">\n<p data-start=\"2029\" data-end=\"2078\">Gi\u00fap l\u1edbp trang \u0111i\u1ec3m th\u00eam n\u1ed5i b\u1eadt, chuy\u00ean nghi\u1ec7p<\/p>\n<\/li>\n<li data-section-id=\"bnaqzr\" data-start=\"2079\" data-end=\"2117\">\n<p data-start=\"2081\" data-end=\"2117\">C\u00f3 th\u1ec3 d\u00f9ng l\u00e0m ph\u1ea5n m\u1eaft highlight<\/p>\n<\/li>\n<\/ul>\n<h2 data-section-id=\"1ou8prs\" data-start=\"2124\" data-end=\"2148\"><strong data-start=\"2127\" data-end=\"2148\">H\u01b0\u1edbng d\u1eabn s\u1eed d\u1ee5ng<\/strong><\/h2>\n<ul data-start=\"2150\" data-end=\"2359\">\n<li data-section-id=\"1rhlsdp\" data-start=\"2150\" data-end=\"2187\">\n<p data-start=\"2152\" data-end=\"2187\">D\u00f9ng c\u1ecd l\u1ea5y m\u1ed9t l\u01b0\u1ee3ng ph\u1ea5n v\u1eeba \u0111\u1ee7<\/p>\n<\/li>\n<li data-section-id=\"10iigyp\" data-start=\"2188\" data-end=\"2256\">\n<p data-start=\"2190\" data-end=\"2256\">T\u00e1n nh\u1eb9 l\u00ean c\u00e1c \u0111i\u1ec3m b\u1eaft s\u00e1ng: g\u00f2 m\u00e1, s\u1ed1ng m\u0169i, tr\u00e1n, nh\u00e2n trung<\/p>\n<\/li>\n<li data-section-id=\"58gx5u\" data-start=\"2257\" data-end=\"2313\">\n<p data-start=\"2259\" data-end=\"2313\">C\u00f3 th\u1ec3 d\u00f9ng tay \u0111\u1ec3 t\u00e1n n\u1ebfu c\u1ea7n hi\u1ec7u \u1ee9ng t\u1ef1 nhi\u00ean h\u01a1n<\/p>\n<\/li>\n<li data-section-id=\"h3akai\" data-start=\"2314\" data-end=\"2359\">\n<p data-start=\"2316\" data-end=\"2359\">K\u1ebft h\u1ee3p t\u1ea1o kh\u1ed1i \u0111\u1ec3 g\u01b0\u01a1ng m\u1eb7t s\u1eafc n\u00e9t h\u01a1n<\/p>\n<\/li>\n<\/ul>\n<h2 data-section-id=\"1bts4f6\" data-start=\"2366\" data-end=\"2381\"><strong data-start=\"2369\" data-end=\"2381\">B\u1ea3o qu\u1ea3n<\/strong><\/h2>\n<ul data-start=\"2383\" data-end=\"2471\">\n<li data-section-id=\"13oxbi1\" data-start=\"2383\" data-end=\"2413\">\n<p data-start=\"2385\" data-end=\"2413\">\u0110\u1ec3 n\u01a1i kh\u00f4 r\u00e1o, tho\u00e1ng m\u00e1t<\/p>\n<\/li>\n<li data-section-id=\"14b2v40\" data-start=\"2414\" data-end=\"2442\">\n<p data-start=\"2416\" data-end=\"2442\">Tr\u00e1nh \u00e1nh n\u1eafng tr\u1ef1c ti\u1ebfp<\/p>\n<\/li>\n<li data-section-id=\"1uzq5t4\" data-start=\"2443\" data-end=\"2471\">\n<p data-start=\"2445\" data-end=\"2471\">\u0110\u00f3ng n\u1eafp sau khi s\u1eed d\u1ee5ng<\/p>\n<\/li>\n<\/ul>\n","protected":false},"excerpt":{"rendered":"<p>Ph\u1ea5n b\u1eaft s\u00e1ng Dior Backstage Glow Maximizer Palette 002 Frosted Opal Glow gi\u00fap g\u01b0\u01a1ng m\u1eb7t r\u1ea1ng r\u1ee1 t\u1ef1 nhi\u00ean, ch\u1ea5t ph\u1ea5n m\u1ecbn, d\u1ec5 t\u00e1n, l\u00e2u tr\u00f4i, ph\u00f9 h\u1ee3p m\u1ecdi lo\u1ea1i da.<\/p>\n","protected":false},"featured_media":335,"comment_status":"open","ping_status":"closed","template":"","meta":[],"product_brand":[33],"product_cat":[108],"product_tag":[183,184,185,113,80,114,109,111,112,110],"class_list":{"0":"post-332","1":"product","2":"type-product","3":"status-publish","4":"has-post-thumbnail","6":"product_brand-dior","7":"product_cat-tao-khoi-highlight","8":"product_tag-001-universal-glow","9":"product_tag-003-pearly-peach-glow","10":"product_tag-004-rose-gold-glow","11":"product_tag-bang-highlight","12":"product_tag-dior","13":"product_tag-dior-002-frosted-opal-glow","14":"product_tag-dior-backstage","15":"product_tag-highlighter","16":"product_tag-my-pham-dior","17":"product_tag-phan-bat-sang","19":"first","20":"instock","21":"sale","22":"shipping-taxable","23":"purchasable","24":"product-type-variable"},"yoast_head":"<!-- This site is optimized with the Yoast SEO plugin v27.1.1 - https:\/\/yoast.com\/product\/yoast-seo-wordpress\/ -->\n<title>Ph\u1ea5n B\u1eaft S\u00e1ng V\u00e0 T\u1ea1o Kh\u1ed1i Dior Backstage Glow Maximizer Palette 10g - baebeauty<\/title>\n<meta name=\"description\" content=\"Ph\u1ea5n b\u1eaft s\u00e1ng Dior Backstage Glow Maximizer Palette 002 Frosted Opal Glow ch\u00ednh h\u00e3ng, gi\u00fap g\u01b0\u01a1ng m\u1eb7t r\u1ea1ng r\u1ee1 t\u1ef1 nhi\u00ean, ch\u1ea5t ph\u1ea5n m\u1ecbn, ph\u00f9 h\u1ee3p m\u1ecdi lo\u1ea1i da.\" \/>\n<meta name=\"robots\" content=\"index, follow, max-snippet:-1, max-image-preview:large, max-video-preview:-1\" \/>\n<link rel=\"canonical\" href=\"https:\/\/baebeauty.azdigi.shop\/index.php\/san-pham\/phan-bat-sang-va-tao-khoi-dior-backstage-glow-maximizer-palette-002-frosted-opal-glow-10g\/\" \/>\n<meta property=\"og:locale\" content=\"vi_VN\" \/>\n<meta property=\"og:type\" content=\"article\" \/>\n<meta property=\"og:title\" content=\"Ph\u1ea5n B\u1eaft S\u00e1ng V\u00e0 T\u1ea1o Kh\u1ed1i Dior Backstage Glow Maximizer Palette 10g - baebeauty\" \/>\n<meta property=\"og:description\" content=\"Ph\u1ea5n b\u1eaft s\u00e1ng Dior Backstage Glow Maximizer Palette 002 Frosted Opal Glow ch\u00ednh h\u00e3ng, gi\u00fap g\u01b0\u01a1ng m\u1eb7t r\u1ea1ng r\u1ee1 t\u1ef1 nhi\u00ean, ch\u1ea5t ph\u1ea5n m\u1ecbn, ph\u00f9 h\u1ee3p m\u1ecdi lo\u1ea1i da.\" \/>\n<meta property=\"og:url\" content=\"https:\/\/baebeauty.azdigi.shop\/index.php\/san-pham\/phan-bat-sang-va-tao-khoi-dior-backstage-glow-maximizer-palette-002-frosted-opal-glow-10g\/\" \/>\n<meta property=\"og:site_name\" content=\"baebeauty\" \/>\n<meta property=\"article:modified_time\" content=\"2026-04-05T03:01:19+00:00\" \/>\n<meta property=\"og:image\" content=\"https:\/\/baebeauty.azdigi.shop\/wp-content\/uploads\/2026\/03\/phan-bat-sang-va-tao-khoi-dior-backstage-glow-maximizer-palette-002-frosted-opal-glow-10g-688d818e200f9-02082025101006.webp\" \/>\n\t<meta property=\"og:image:width\" content=\"500\" \/>\n\t<meta property=\"og:image:height\" content=\"500\" \/>\n\t<meta property=\"og:image:type\" content=\"image\/webp\" \/>\n<meta name=\"twitter:card\" content=\"summary_large_image\" \/>\n<meta name=\"twitter:label1\" content=\"\u01af\u1edbc t\u00ednh th\u1eddi gian \u0111\u1ecdc\" \/>\n\t<meta name=\"twitter:data1\" content=\"4 ph\u00fat\" \/>\n<script type=\"application\/ld+json\" class=\"yoast-schema-graph\">{\"@context\":\"https:\/\/schema.org\",\"@graph\":[{\"@type\":\"WebPage\",\"@id\":\"https:\/\/baebeauty.azdigi.shop\/index.php\/san-pham\/phan-bat-sang-va-tao-khoi-dior-backstage-glow-maximizer-palette-002-frosted-opal-glow-10g\/\",\"url\":\"https:\/\/baebeauty.azdigi.shop\/index.php\/san-pham\/phan-bat-sang-va-tao-khoi-dior-backstage-glow-maximizer-palette-002-frosted-opal-glow-10g\/\",\"name\":\"Ph\u1ea5n B\u1eaft S\u00e1ng V\u00e0 T\u1ea1o Kh\u1ed1i Dior Backstage Glow Maximizer Palette 10g - baebeauty\",\"isPartOf\":{\"@id\":\"https:\/\/baebeauty.azdigi.shop\/#website\"},\"primaryImageOfPage\":{\"@id\":\"https:\/\/baebeauty.azdigi.shop\/index.php\/san-pham\/phan-bat-sang-va-tao-khoi-dior-backstage-glow-maximizer-palette-002-frosted-opal-glow-10g\/#primaryimage\"},\"image\":{\"@id\":\"https:\/\/baebeauty.azdigi.shop\/index.php\/san-pham\/phan-bat-sang-va-tao-khoi-dior-backstage-glow-maximizer-palette-002-frosted-opal-glow-10g\/#primaryimage\"},\"thumbnailUrl\":\"https:\/\/baebeauty.azdigi.shop\/wp-content\/uploads\/2026\/03\/phan-bat-sang-va-tao-khoi-dior-backstage-glow-maximizer-palette-002-frosted-opal-glow-10g-688d818e200f9-02082025101006.webp\",\"datePublished\":\"2026-03-19T08:23:55+00:00\",\"dateModified\":\"2026-04-05T03:01:19+00:00\",\"description\":\"Ph\u1ea5n b\u1eaft s\u00e1ng Dior Backstage Glow Maximizer Palette 002 Frosted Opal Glow ch\u00ednh h\u00e3ng, gi\u00fap g\u01b0\u01a1ng m\u1eb7t r\u1ea1ng r\u1ee1 t\u1ef1 nhi\u00ean, ch\u1ea5t ph\u1ea5n m\u1ecbn, ph\u00f9 h\u1ee3p m\u1ecdi lo\u1ea1i da.\",\"breadcrumb\":{\"@id\":\"https:\/\/baebeauty.azdigi.shop\/index.php\/san-pham\/phan-bat-sang-va-tao-khoi-dior-backstage-glow-maximizer-palette-002-frosted-opal-glow-10g\/#breadcrumb\"},\"inLanguage\":\"vi\",\"potentialAction\":[{\"@type\":\"ReadAction\",\"target\":[\"https:\/\/baebeauty.azdigi.shop\/index.php\/san-pham\/phan-bat-sang-va-tao-khoi-dior-backstage-glow-maximizer-palette-002-frosted-opal-glow-10g\/\"]}]},{\"@type\":\"ImageObject\",\"inLanguage\":\"vi\",\"@id\":\"https:\/\/baebeauty.azdigi.shop\/index.php\/san-pham\/phan-bat-sang-va-tao-khoi-dior-backstage-glow-maximizer-palette-002-frosted-opal-glow-10g\/#primaryimage\",\"url\":\"https:\/\/baebeauty.azdigi.shop\/wp-content\/uploads\/2026\/03\/phan-bat-sang-va-tao-khoi-dior-backstage-glow-maximizer-palette-002-frosted-opal-glow-10g-688d818e200f9-02082025101006.webp\",\"contentUrl\":\"https:\/\/baebeauty.azdigi.shop\/wp-content\/uploads\/2026\/03\/phan-bat-sang-va-tao-khoi-dior-backstage-glow-maximizer-palette-002-frosted-opal-glow-10g-688d818e200f9-02082025101006.webp\",\"width\":500,\"height\":500},{\"@type\":\"BreadcrumbList\",\"@id\":\"https:\/\/baebeauty.azdigi.shop\/index.php\/san-pham\/phan-bat-sang-va-tao-khoi-dior-backstage-glow-maximizer-palette-002-frosted-opal-glow-10g\/#breadcrumb\",\"itemListElement\":[{\"@type\":\"ListItem\",\"position\":1,\"name\":\"Trang ch\u1ee7\",\"item\":\"https:\/\/baebeauty.azdigi.shop\/\"},{\"@type\":\"ListItem\",\"position\":2,\"name\":\"C\u1eeda h\u00e0ng\",\"item\":\"https:\/\/baebeauty.azdigi.shop\/index.php\/cua-hang\/\"},{\"@type\":\"ListItem\",\"position\":3,\"name\":\"Ph\u1ea5n B\u1eaft S\u00e1ng V\u00e0 T\u1ea1o Kh\u1ed1i Dior Backstage Glow Maximizer Palette 10g\"}]},{\"@type\":\"WebSite\",\"@id\":\"https:\/\/baebeauty.azdigi.shop\/#website\",\"url\":\"https:\/\/baebeauty.azdigi.shop\/\",\"name\":\"baebeauty\",\"description\":\"\",\"potentialAction\":[{\"@type\":\"SearchAction\",\"target\":{\"@type\":\"EntryPoint\",\"urlTemplate\":\"https:\/\/baebeauty.azdigi.shop\/?s={search_term_string}\"},\"query-input\":{\"@type\":\"PropertyValueSpecification\",\"valueRequired\":true,\"valueName\":\"search_term_string\"}}],\"inLanguage\":\"vi\"}]}<\/script>\n<!-- \/ Yoast SEO plugin. -->","yoast_head_json":{"title":"Ph\u1ea5n B\u1eaft S\u00e1ng V\u00e0 T\u1ea1o Kh\u1ed1i Dior Backstage Glow Maximizer Palette 10g - baebeauty","description":"Ph\u1ea5n b\u1eaft s\u00e1ng Dior Backstage Glow Maximizer Palette 002 Frosted Opal Glow ch\u00ednh h\u00e3ng, gi\u00fap g\u01b0\u01a1ng m\u1eb7t r\u1ea1ng r\u1ee1 t\u1ef1 nhi\u00ean, ch\u1ea5t ph\u1ea5n m\u1ecbn, ph\u00f9 h\u1ee3p m\u1ecdi lo\u1ea1i da.","robots":{"index":"index","follow":"follow","max-snippet":"max-snippet:-1","max-image-preview":"max-image-preview:large","max-video-preview":"max-video-preview:-1"},"canonical":"https:\/\/baebeauty.azdigi.shop\/index.php\/san-pham\/phan-bat-sang-va-tao-khoi-dior-backstage-glow-maximizer-palette-002-frosted-opal-glow-10g\/","og_locale":"vi_VN","og_type":"article","og_title":"Ph\u1ea5n B\u1eaft S\u00e1ng V\u00e0 T\u1ea1o Kh\u1ed1i Dior Backstage Glow Maximizer Palette 10g - baebeauty","og_description":"Ph\u1ea5n b\u1eaft s\u00e1ng Dior Backstage Glow Maximizer Palette 002 Frosted Opal Glow ch\u00ednh h\u00e3ng, gi\u00fap g\u01b0\u01a1ng m\u1eb7t r\u1ea1ng r\u1ee1 t\u1ef1 nhi\u00ean, ch\u1ea5t ph\u1ea5n m\u1ecbn, ph\u00f9 h\u1ee3p m\u1ecdi lo\u1ea1i da.","og_url":"https:\/\/baebeauty.azdigi.shop\/index.php\/san-pham\/phan-bat-sang-va-tao-khoi-dior-backstage-glow-maximizer-palette-002-frosted-opal-glow-10g\/","og_site_name":"baebeauty","article_modified_time":"2026-04-05T03:01:19+00:00","og_image":[{"width":500,"height":500,"url":"https:\/\/baebeauty.azdigi.shop\/wp-content\/uploads\/2026\/03\/phan-bat-sang-va-tao-khoi-dior-backstage-glow-maximizer-palette-002-frosted-opal-glow-10g-688d818e200f9-02082025101006.webp","type":"image\/webp"}],"twitter_card":"summary_large_image","twitter_misc":{"\u01af\u1edbc t\u00ednh th\u1eddi gian \u0111\u1ecdc":"4 ph\u00fat"},"schema":{"@context":"https:\/\/schema.org","@graph":[{"@type":"WebPage","@id":"https:\/\/baebeauty.azdigi.shop\/index.php\/san-pham\/phan-bat-sang-va-tao-khoi-dior-backstage-glow-maximizer-palette-002-frosted-opal-glow-10g\/","url":"https:\/\/baebeauty.azdigi.shop\/index.php\/san-pham\/phan-bat-sang-va-tao-khoi-dior-backstage-glow-maximizer-palette-002-frosted-opal-glow-10g\/","name":"Ph\u1ea5n B\u1eaft S\u00e1ng V\u00e0 T\u1ea1o Kh\u1ed1i Dior Backstage Glow Maximizer Palette 10g - baebeauty","isPartOf":{"@id":"https:\/\/baebeauty.azdigi.shop\/#website"},"primaryImageOfPage":{"@id":"https:\/\/baebeauty.azdigi.shop\/index.php\/san-pham\/phan-bat-sang-va-tao-khoi-dior-backstage-glow-maximizer-palette-002-frosted-opal-glow-10g\/#primaryimage"},"image":{"@id":"https:\/\/baebeauty.azdigi.shop\/index.php\/san-pham\/phan-bat-sang-va-tao-khoi-dior-backstage-glow-maximizer-palette-002-frosted-opal-glow-10g\/#primaryimage"},"thumbnailUrl":"https:\/\/baebeauty.azdigi.shop\/wp-content\/uploads\/2026\/03\/phan-bat-sang-va-tao-khoi-dior-backstage-glow-maximizer-palette-002-frosted-opal-glow-10g-688d818e200f9-02082025101006.webp","datePublished":"2026-03-19T08:23:55+00:00","dateModified":"2026-04-05T03:01:19+00:00","description":"Ph\u1ea5n b\u1eaft s\u00e1ng Dior Backstage Glow Maximizer Palette 002 Frosted Opal Glow ch\u00ednh h\u00e3ng, gi\u00fap g\u01b0\u01a1ng m\u1eb7t r\u1ea1ng r\u1ee1 t\u1ef1 nhi\u00ean, ch\u1ea5t ph\u1ea5n m\u1ecbn, ph\u00f9 h\u1ee3p m\u1ecdi lo\u1ea1i da.","breadcrumb":{"@id":"https:\/\/baebeauty.azdigi.shop\/index.php\/san-pham\/phan-bat-sang-va-tao-khoi-dior-backstage-glow-maximizer-palette-002-frosted-opal-glow-10g\/#breadcrumb"},"inLanguage":"vi","potentialAction":[{"@type":"ReadAction","target":["https:\/\/baebeauty.azdigi.shop\/index.php\/san-pham\/phan-bat-sang-va-tao-khoi-dior-backstage-glow-maximizer-palette-002-frosted-opal-glow-10g\/"]}]},{"@type":"ImageObject","inLanguage":"vi","@id":"https:\/\/baebeauty.azdigi.shop\/index.php\/san-pham\/phan-bat-sang-va-tao-khoi-dior-backstage-glow-maximizer-palette-002-frosted-opal-glow-10g\/#primaryimage","url":"https:\/\/baebeauty.azdigi.shop\/wp-content\/uploads\/2026\/03\/phan-bat-sang-va-tao-khoi-dior-backstage-glow-maximizer-palette-002-frosted-opal-glow-10g-688d818e200f9-02082025101006.webp","contentUrl":"https:\/\/baebeauty.azdigi.shop\/wp-content\/uploads\/2026\/03\/phan-bat-sang-va-tao-khoi-dior-backstage-glow-maximizer-palette-002-frosted-opal-glow-10g-688d818e200f9-02082025101006.webp","width":500,"height":500},{"@type":"BreadcrumbList","@id":"https:\/\/baebeauty.azdigi.shop\/index.php\/san-pham\/phan-bat-sang-va-tao-khoi-dior-backstage-glow-maximizer-palette-002-frosted-opal-glow-10g\/#breadcrumb","itemListElement":[{"@type":"ListItem","position":1,"name":"Trang ch\u1ee7","item":"https:\/\/baebeauty.azdigi.shop\/"},{"@type":"ListItem","position":2,"name":"C\u1eeda h\u00e0ng","item":"https:\/\/baebeauty.azdigi.shop\/index.php\/cua-hang\/"},{"@type":"ListItem","position":3,"name":"Ph\u1ea5n B\u1eaft S\u00e1ng V\u00e0 T\u1ea1o Kh\u1ed1i Dior Backstage Glow Maximizer Palette 10g"}]},{"@type":"WebSite","@id":"https:\/\/baebeauty.azdigi.shop\/#website","url":"https:\/\/baebeauty.azdigi.shop\/","name":"baebeauty","description":"","potentialAction":[{"@type":"SearchAction","target":{"@type":"EntryPoint","urlTemplate":"https:\/\/baebeauty.azdigi.shop\/?s={search_term_string}"},"query-input":{"@type":"PropertyValueSpecification","valueRequired":true,"valueName":"search_term_string"}}],"inLanguage":"vi"}]}},"_links":{"self":[{"href":"https:\/\/baebeauty.azdigi.shop\/index.php\/wp-json\/wp\/v2\/product\/332","targetHints":{"allow":["GET"]}}],"collection":[{"href":"https:\/\/baebeauty.azdigi.shop\/index.php\/wp-json\/wp\/v2\/product"}],"about":[{"href":"https:\/\/baebeauty.azdigi.shop\/index.php\/wp-json\/wp\/v2\/types\/product"}],"replies":[{"embeddable":true,"href":"https:\/\/baebeauty.azdigi.shop\/index.php\/wp-json\/wp\/v2\/comments?post=332"}],"wp:featuredmedia":[{"embeddable":true,"href":"https:\/\/baebeauty.azdigi.shop\/index.php\/wp-json\/wp\/v2\/media\/335"}],"wp:attachment":[{"href":"https:\/\/baebeauty.azdigi.shop\/index.php\/wp-json\/wp\/v2\/media?parent=332"}],"wp:term":[{"taxonomy":"product_brand","embeddable":true,"href":"https:\/\/baebeauty.azdigi.shop\/index.php\/wp-json\/wp\/v2\/product_brand?post=332"},{"taxonomy":"product_cat","embeddable":true,"href":"https:\/\/baebeauty.azdigi.shop\/index.php\/wp-json\/wp\/v2\/product_cat?post=332"},{"taxonomy":"product_tag","embeddable":true,"href":"https:\/\/baebeauty.azdigi.shop\/index.php\/wp-json\/wp\/v2\/product_tag?post=332"}],"curies":[{"name":"wp","href":"https:\/\/api.w.org\/{rel}","templated":true}]}}